{"id":4412,"date":"2017-03-27T18:08:21","date_gmt":"2017-03-27T22:08:21","guid":{"rendered":"https:\/\/iclmg.srv2.cfshosting.ca\/fr\/?page_id=4412"},"modified":"2017-04-24T16:30:50","modified_gmt":"2017-04-24T20:30:50","slug":"libertes-civiles-securite-nationale-et-solidarite-internationale-2","status":"publish","type":"page","link":"https:\/\/iclmg.ca\/fr\/enjeux\/libertes-civiles-securite-nationale-et-solidarite-internationale-2\/","title":{"rendered":"Libert\u00e9s civiles, s\u00e9curit\u00e9 nationale et solidarit\u00e9 internationale"},"content":{"rendered":"<p><img loading=\"lazy\" decoding=\"async\" class=\"size-full wp-image-4400 aligncenter\" src=\"http:\/\/iclmg.ca\/wp-content\/uploads\/2017\/03\/24609260915_a840b027e5_o.jpg\" alt=\"24609260915_a840b027e5_o\" width=\"1041\" height=\"693\" srcset=\"https:\/\/iclmg.ca\/wp-content\/uploads\/2017\/03\/24609260915_a840b027e5_o.jpg 1041w, https:\/\/iclmg.ca\/wp-content\/uploads\/2017\/03\/24609260915_a840b027e5_o-768x511.jpg 768w, https:\/\/iclmg.ca\/wp-content\/uploads\/2017\/03\/24609260915_a840b027e5_o-624x415.jpg 624w\" sizes=\"auto, (max-width: 1041px) 100vw, 1041px\" \/>Il y a peu de pays aujourd&#8217;hui o\u00f9 les citoyen.nes et les organisations de la soci\u00e9t\u00e9 civile ne sont pas s\u00e9v\u00e8rement touch\u00e9.es par l&#8217;empi\u00e9tement de l&#8217;\u00c9tat de s\u00e9curit\u00e9 nationale et l&#8217;utilisation de la \u00ablutte au terrorisme\u00bb pour r\u00e9primer la dissidence et l&#8217;opposition politique.<\/p>\n<p>Le Canada a eu son propre vacillement\u00a0dans ce sens, en commen\u00e7ant par la premi\u00e8re Loi antiterroriste de 2001, jusqu&#8217;\u00e0 son successeur, le projet de loi C-51, la Loi antiterroriste de 2015, et une myriade d&#8217;autres politiques et lois dans leurs orbites : les listes d&#8217;interdiction de vol, les limites \u00e0 la citoyennet\u00e9, les changements aux politiques d&#8217;immigration, les v\u00e9rifications de comptes d&#8217;organismes de bienfaisance, les r\u00e9ductions de financement, et les atteintes \u00e0 la libert\u00e9 d&#8217;association, d&#8217;expression, de mouvement et au respect de la vie priv\u00e9e.<\/p>\n<p>Ces lois et d\u00e9cisions politiques n&#8217;ont pas seulement un impact au pays. Elles posent aussi de graves cons\u00e9quences \u00e0 l&#8217;\u00e9tranger, tant dans leur effet sur les organisations canadiennes qui travaillent en solidarit\u00e9 avec leurs alli\u00e9s \u00e0 l&#8217;\u00e9chelle internationale que dans la licence sociale qu&#8217;elles accordent \u00e0 d&#8217;autres gouvernements pour adopter des lois semblables.<\/p>\n<p>Depuis 16 ans, la Coalition pour la surveillance internationale des libert\u00e9s civiles (CSILC) s&#8217;emploie \u00e0 prot\u00e9ger\u00a0les droits et libert\u00e9s au Canada et \u00e0 l&#8217;\u00e9tranger de l&#8217;impact de la guerre contre le terrorisme, des lois antiterroristes et des\u00a0agissements\u00a0secrets des agences de s\u00e9curit\u00e9 nationale.<\/p>\n<p>Cette t\u00e2che est\u00a0difficile. Toutefois, compte tenu du contexte actuel d&#8217;un gouvernement canadien nominalement plus favorable \u00e0 la protection des droits et d&#8217;un paysage international qui constitue une menace majeure pour les libert\u00e9s fondamentales, il s&#8217;agit d&#8217;un moment d&#8217;action important.\u00a0Les membres de la CSILC et ses partenaires \u00e0 l&#8217;\u00e9chelle internationale &#8211; allant des groupes de d\u00e9fense des droits de la personne aux groupes prot\u00e9geant l&#8217;environnement, aux syndicats des travailleur.ses et aux groupes confessionnels &#8211; offrent un positionnement id\u00e9al \u00e0 la coalition pour contribuer \u00e0 r\u00e9pondre aux pr\u00e9occupations entourant la r\u00e9duction de l&#8217;espace pour la soci\u00e9t\u00e9 civile.<\/p>\n<p>Ce document pr\u00e9sente notre compr\u00e9hension du chevauchement des int\u00e9r\u00eats et pr\u00e9occupations\u00a0entre la CSILC\u00a0et le secteur de la coop\u00e9ration internationale,\u00a0et pr\u00e9sente des opportunit\u00e9s pour ce que nous consid\u00e9rons\u00a0\u00eatre\u00a0d&#8217;importants domaines de collaboration.<\/p>\n<p>Si vous croyiez que votre organisation b\u00e9n\u00e9ficierait de cette expertise et d&#8217;une collaboration, ou si vous \u00eates int\u00e9ress\u00e9.es \u00e0 contribuer \u00e0 nos efforts pour prot\u00e9ger et promouvoir les droits de la personne et les libert\u00e9s civiles dans le cadre de la lutte au terrorisme, nous vous invitons \u00e0 contacter notre coordonnateur national,\u00a0Tim McSorley,\u00a0\u00e0\u00a0<a href=\"mailto:national.coordination@iclmg.ca\">national.coordination@iclmg.ca<\/a>.<\/p>\n<p><a href=\"http:\/\/iclmg.ca\/wp-content\/uploads\/2017\/03\/CCIC-ICLMG-Exec-Summary-Website-version-FINAL.pdf\">Lisez le sommaire ex\u00e9cutif<\/a>\u00a0(en anglais seulement)<\/p>\n<p><a href=\"http:\/\/iclmg.ca\/wp-content\/uploads\/2017\/03\/CCIC-and-ICLMG-Web-version-FINAL.pdf\">Lisez le rapport complet<\/a> (en anglais seulement)<\/p>\n<div><\/div>\n<table style=\"border-color: #fcfcfc;background-color: #d6d4d4;height: 324px\" width=\"625\">\n<tbody>\n<tr>\n<td style=\"width: 613px\">\n<div>\n<h2 class=\"contributions__title contributions__title--epic\"><span style=\"color: #000000\">Puisque vous \u00eates ici\u2026<\/span><\/h2>\n<p><span style=\"color: #000000\">\u2026 nous avons une faveur \u00e0 vous demander. \u00c0 la CSILC, nous travaillons sans rel\u00e2che afin de prot\u00e9ger et promouvoir les droits humains et les libert\u00e9s civiles dans le contexte de la soi-disant &#8220;guerre au terrorisme&#8221; au Canada. Nous ne recevons aucune aide financi\u00e8re des gouvernements municipaux, provinciaux et f\u00e9d\u00e9ral, ni d\u2019aucun parti politique. Tout don nous aidera \u00e0 poursuivre notre travail.<\/span><\/p>\n<\/div>\n<div><span style=\"color: #000000\">Vous h\u00e9sitez \u00e0 donner? Consulter la page sur nos nombreuses\u00a0<a href=\"http:\/\/iclmg.ca\/fr\/a-propos\/realisations-et-acquis\/\">R\u00e9alisations et Acquis<\/a>\u00a0depuis\u00a02002. Merci de votre g\u00e9n\u00e9rosit\u00e9!\u00a0<\/span><span style=\"color: #000000\"><a style=\"color: #000000\" href=\"http:\/\/iclmg.ca\/donate\/\"><strong><br \/>\n<img loading=\"lazy\" decoding=\"async\" class=\"wp-image-4201 aligncenter\" src=\"http:\/\/iclmg.ca\/wp-content\/uploads\/2017\/02\/bouton-faire-un-don-e1487111641869.jpg\" width=\"188\" height=\"38\" \/><\/strong><\/a><\/span><\/div>\n<\/td>\n<\/tr>\n<\/tbody>\n<\/table>\n","protected":false},"excerpt":{"rendered":"<p>Il y a peu de pays aujourd&#8217;hui o\u00f9 les citoyen.nes et les organisations de la soci\u00e9t\u00e9 civile ne sont pas s\u00e9v\u00e8rement touch\u00e9.es par l&#8217;empi\u00e9tement de l&#8217;\u00c9tat de s\u00e9curit\u00e9 nationale et l&#8217;utilisation de la \u00ablutte au terrorisme\u00bb pour r\u00e9primer la dissidence et l&#8217;opposition politique. Le Canada a eu son propre vacillement\u00a0dans ce sens, en commen\u00e7ant par [&hellip;]<\/p>\n","protected":false},"author":44,"featured_media":0,"parent":331,"menu_order":0,"comment_status":"closed","ping_status":"closed","template":"","meta":{"_acf_changed":false,"jetpack_post_was_ever_published":false,"footnotes":""},"class_list":["post-4412","page","type-page","status-publish","hentry"],"acf":[],"jetpack_shortlink":"https:\/\/wp.me\/P4gT3y-19a","jetpack_sharing_enabled":true,"_links":{"self":[{"href":"https:\/\/iclmg.ca\/fr\/wp-json\/wp\/v2\/pages\/4412","targetHints":{"allow":["GET"]}}],"collection":[{"href":"https:\/\/iclmg.ca\/fr\/wp-json\/wp\/v2\/pages"}],"about":[{"href":"https:\/\/iclmg.ca\/fr\/wp-json\/wp\/v2\/types\/page"}],"author":[{"embeddable":true,"href":"https:\/\/iclmg.ca\/fr\/wp-json\/wp\/v2\/users\/44"}],"replies":[{"embeddable":true,"href":"https:\/\/iclmg.ca\/fr\/wp-json\/wp\/v2\/comments?post=4412"}],"version-history":[{"count":0,"href":"https:\/\/iclmg.ca\/fr\/wp-json\/wp\/v2\/pages\/4412\/revisions"}],"up":[{"embeddable":true,"href":"https:\/\/iclmg.ca\/fr\/wp-json\/wp\/v2\/pages\/331"}],"wp:attachment":[{"href":"https:\/\/iclmg.ca\/fr\/wp-json\/wp\/v2\/media?parent=4412"}],"curies":[{"name":"wp","href":"https:\/\/api.w.org\/{rel}","templated":true}]}}