{"id":3720,"date":"2016-12-01T21:45:35","date_gmt":"2016-12-02T02:45:35","guid":{"rendered":"https:\/\/iclmg.srv2.cfshosting.ca\/fr\/?page_id=3720"},"modified":"2025-02-05T16:00:02","modified_gmt":"2025-02-05T21:00:02","slug":"nos-reponses-a-la-consultation-en-ligne-sur-la-securite-nationale","status":"publish","type":"page","link":"https:\/\/iclmg.ca\/fr\/enjeux\/nos-reponses-a-la-consultation-en-ligne-sur-la-securite-nationale\/","title":{"rendered":"Nos r\u00e9ponses \u00e0 la consultation en ligne sur la S\u00e9curit\u00e9 Nationale"},"content":{"rendered":"<p><strong>La consultation est maintenant termin\u00e9e. Nous observerons de pr\u00e8s\u00a0le processus d&#8217;analyse des donn\u00e9es : sa dur\u00e9e, sa transparence et les politiques qui en\u00a0d\u00e9couleront;\u00a0restez \u00e0 l&#8217;aff\u00fbt pour la suite!<\/strong><\/p>\n<p>Le gouvernement f\u00e9d\u00e9ral a tenu\u00a0<a href=\"https:\/\/www.securitepublique.gc.ca\/cnt\/cnslttns\/ntnl-scrt\/index-fr.aspx\">une consultation en ligne sur la s\u00e9curit\u00e9 nationale<\/a> de septembre \u00e0 d\u00e9cembre 2016. Il s&#8217;agit d&#8217;un questionnaire long comportant\u00a0des questions pointues et bas\u00e9 sur\u00a0un Livre vert apparemment biais\u00e9 en faveur de ce que\u00a0la police\u00a0et les entit\u00e9s de s\u00e9curit\u00e9 nationale veulent. Nous avons donc d\u00e9cid\u00e9 de rendre public nos r\u00e9ponses afin que\u00a0le processus soit plus accessible pour tous et toutes, et plus ax\u00e9 sur les droits humains, les libert\u00e9s civiles et les principes de justice fondamentale.<\/p>\n<p>Bien que la consultation soit termin\u00e9e, nous vous invitons \u00e0 lire et partager nos r\u00e9ponses. Elles constituent un important tour d&#8217;horizon des probl\u00e9matiques et solutions entourant la s\u00e9curit\u00e9 nationale au Canada. Vous pouvez voir les r\u00e9ponses par sujet ci-dessous ou <a href=\"http:\/\/iclmg.ca\/wp-content\/uploads\/2016\/12\/R\u00e9ponses-CSILC-Consultation-S\u00e9curit\u00e9-Nationale.pdf\" target=\"_blank\" rel=\"noopener\">voir toutes les r\u00e9ponses en un seul document PDF ici<\/a>.<\/p>\n<h1><strong>Nos r\u00e9ponses<\/strong><\/h1>\n<p><em>Cliquez sur les liens ci-dessous pour ouvrir des pages contenant les questions et nos r\u00e9ponses sur chaque sujet.<\/em><\/p>\n<p><a href=\"http:\/\/iclmg.ca\/fr\/acronymes-glossaire\/\" target=\"_blank\" rel=\"noopener\"><strong>Acronymes &amp; glossaire<\/strong><\/a><\/p>\n<p><a href=\"http:\/\/iclmg.ca\/fr\/responsabilisation\/\" target=\"_blank\" rel=\"noopener\"><strong>Responsabilisation<\/strong><\/a><\/p>\n<p><a href=\"http:\/\/iclmg.ca\/fr\/prevention\/\" target=\"_blank\" rel=\"noopener\"><strong>Pr\u00e9vention<\/strong><\/a><\/p>\n<p><a href=\"http:\/\/iclmg.ca\/fr\/reduction-de-la-menace\/\" target=\"_blank\" rel=\"noopener\"><strong>R\u00e9duction de la menace<\/strong><\/a><\/p>\n<p><a href=\"http:\/\/iclmg.ca\/fr\/communication-interne-dinformation-sur-la-securite-nationale\/\" target=\"_blank\" rel=\"noopener\"><strong>Communication interne d&#8217;information sur la s\u00e9curit\u00e9 nationale<\/strong><\/a><\/p>\n<p><a href=\"http:\/\/iclmg.ca\/fr\/programme-de-protection-des-passagers\/\" target=\"_blank\" rel=\"noopener\"><strong>Programme de protection des passagers<\/strong><\/a><\/p>\n<p><a href=\"http:\/\/iclmg.ca\/fr\/mesures-prevues-au-code-criminel\/\" target=\"_blank\" rel=\"noopener\"><strong>Mesures de lutte contre le terrorisme pr\u00e9vues au\u00a0<em>Code criminel<\/em><\/strong><\/a><\/p>\n<p><a href=\"http:\/\/iclmg.ca\/fr\/procedures-dinscription-a-la-liste-des-entites-terroristes\/\" target=\"_blank\" rel=\"noopener\"><strong>Proc\u00e9dures d&#8217;inscription \u00e0 la liste des entit\u00e9s terroristes<\/strong><\/a><\/p>\n<p><a href=\"http:\/\/iclmg.ca\/fr\/financement-terroriste\/\" target=\"_blank\" rel=\"noopener\"><strong>Financement terroriste<\/strong><\/a><\/p>\n<p><a href=\"http:\/\/iclmg.ca\/fr\/capacites-denquete-dans-le-monde-numerique\/\" target=\"_blank\" rel=\"noopener\"><strong>Capacit\u00e9s d&#8217;enqu\u00eate dans le monde num\u00e9rique<\/strong><\/a><\/p>\n<p><a href=\"http:\/\/iclmg.ca\/fr\/renseignement-et-preuve\/\" target=\"_blank\" rel=\"noopener\"><strong>Renseignement et preuve<\/strong><\/a><\/p>\n<p><a href=\"http:\/\/iclmg.ca\/fr\/commentaires-generaux\/\" target=\"_blank\" rel=\"noopener\"><strong>Commentaires g\u00e9n\u00e9raux<\/strong><\/a><\/p>\n<div><\/div>\n<table style=\"border-color: #fcfcfc; background-color: #d6d4d4; height: 324px;\" width=\"625\">\n<tbody>\n<tr>\n<td style=\"width: 613px;\">\n<div>\n<h2 class=\"contributions__title contributions__title--epic\"><span style=\"color: #000000;\">Puisque vous \u00eates ici\u2026<\/span><\/h2>\n<p><span style=\"color: #000000;\">\u2026 nous avons une faveur \u00e0 vous demander. \u00c0 la CSILC, nous travaillons sans rel\u00e2che afin de prot\u00e9ger et promouvoir les droits humains et les libert\u00e9s civiles dans le contexte de la soi-disant &#8220;guerre au terrorisme&#8221; au Canada. Nous ne recevons aucune aide financi\u00e8re des gouvernements municipaux, provinciaux et f\u00e9d\u00e9ral, ni d\u2019aucun parti politique. Tout don nous aidera \u00e0 poursuivre notre travail.<\/span><\/p>\n<\/div>\n<div><span style=\"color: #000000;\">Vous h\u00e9sitez \u00e0 donner? Consulter la page sur nos nombreuses\u00a0<a href=\"http:\/\/iclmg.ca\/fr\/a-propos\/realisations-et-acquis\/\">R\u00e9alisations et Acquis<\/a>\u00a0depuis\u00a02002. Merci de votre g\u00e9n\u00e9rosit\u00e9!\u00a0<\/span><span style=\"color: #000000;\"><a style=\"color: #000000;\" href=\"http:\/\/iclmg.ca\/donate\/\"><strong><br \/>\n<img loading=\"lazy\" decoding=\"async\" class=\"wp-image-4201 aligncenter\" src=\"http:\/\/iclmg.ca\/wp-content\/uploads\/2017\/02\/bouton-faire-un-don-e1487111641869.jpg\" width=\"188\" height=\"38\" \/><\/strong><\/a><\/span><\/div>\n<\/td>\n<\/tr>\n<\/tbody>\n<\/table>\n","protected":false},"excerpt":{"rendered":"<p>La consultation est maintenant termin\u00e9e. Nous observerons de pr\u00e8s\u00a0le processus d&#8217;analyse des donn\u00e9es : sa dur\u00e9e, sa transparence et les politiques qui en\u00a0d\u00e9couleront;\u00a0restez \u00e0 l&#8217;aff\u00fbt pour la suite! Le gouvernement f\u00e9d\u00e9ral a tenu\u00a0une consultation en ligne sur la s\u00e9curit\u00e9 nationale de septembre \u00e0 d\u00e9cembre 2016. Il s&#8217;agit d&#8217;un questionnaire long comportant\u00a0des questions pointues et bas\u00e9 [&hellip;]<\/p>\n","protected":false},"author":44,"featured_media":0,"parent":331,"menu_order":0,"comment_status":"closed","ping_status":"closed","template":"","meta":{"_acf_changed":false,"jetpack_post_was_ever_published":false,"footnotes":""},"class_list":["post-3720","page","type-page","status-publish","hentry"],"acf":[],"jetpack_shortlink":"https:\/\/wp.me\/P4gT3y-Y0","jetpack_sharing_enabled":true,"_links":{"self":[{"href":"https:\/\/iclmg.ca\/fr\/wp-json\/wp\/v2\/pages\/3720","targetHints":{"allow":["GET"]}}],"collection":[{"href":"https:\/\/iclmg.ca\/fr\/wp-json\/wp\/v2\/pages"}],"about":[{"href":"https:\/\/iclmg.ca\/fr\/wp-json\/wp\/v2\/types\/page"}],"author":[{"embeddable":true,"href":"https:\/\/iclmg.ca\/fr\/wp-json\/wp\/v2\/users\/44"}],"replies":[{"embeddable":true,"href":"https:\/\/iclmg.ca\/fr\/wp-json\/wp\/v2\/comments?post=3720"}],"version-history":[{"count":0,"href":"https:\/\/iclmg.ca\/fr\/wp-json\/wp\/v2\/pages\/3720\/revisions"}],"up":[{"embeddable":true,"href":"https:\/\/iclmg.ca\/fr\/wp-json\/wp\/v2\/pages\/331"}],"wp:attachment":[{"href":"https:\/\/iclmg.ca\/fr\/wp-json\/wp\/v2\/media?parent=3720"}],"curies":[{"name":"wp","href":"https:\/\/api.w.org\/{rel}","templated":true}]}}