{"id":3713,"date":"2016-12-01T16:45:26","date_gmt":"2016-12-01T21:45:26","guid":{"rendered":"https:\/\/iclmg.srv2.cfshosting.ca\/fr\/?page_id=3713"},"modified":"2016-12-01T16:49:51","modified_gmt":"2016-12-01T21:49:51","slug":"acronymes-glossaire","status":"publish","type":"page","link":"https:\/\/iclmg.ca\/fr\/acronymes-glossaire\/","title":{"rendered":"Acronymes &amp; glossaire"},"content":{"rendered":"<p><strong>SCRS<\/strong> : Service canadien du renseignement de s\u00e9curit\u00e9 &#8211; agence de renseignements<\/p>\n<p><strong>CSARS<\/strong> : Comit\u00e9 de surveillance des activit\u00e9s de renseignement de s\u00e9curit\u00e9 &#8211; organisme d\u2019examen du SCRS<\/p>\n<p><strong>CSTC<\/strong> : Centre de la s\u00e9curit\u00e9 des t\u00e9l\u00e9communications Canada &#8211; agence de renseignements \u00e9lectroniques<\/p>\n<p><strong>BCCST<\/strong> : Bureau du commissaire du Centre de la s\u00e9curit\u00e9 des t\u00e9l\u00e9communications &#8211; organisme d\u2019examen pour le CSTC<\/p>\n<p><strong>GRC<\/strong> : Gendarmerie royale du Canada &#8211; police nationale<\/p>\n<p><strong>CCETP<\/strong> : Commission civile d&#8217;examen et de traitement des plaintes relatives \u00e0 la GRC &#8211; organisme d\u2019examen de la GRC<\/p>\n<p><strong>ASFC<\/strong> : Agence des services frontaliers du Canada &#8211; aucun organisme d\u2019examen<\/p>\n<p><strong><i>Loi antiterroriste de 2015 <\/i><\/strong>: Pr\u00e9c\u00e9demment le projet de loi C-51<\/p>\n<p><strong>Charte<\/strong> : Charte canadienne des droits et libert\u00e9s<\/p>\n<p><strong>LCISC<\/strong> : <i>Loi sur la communication d\u2019information ayant trait \u00e0 la s\u00e9curit\u00e9 du Canada <\/i>(cette loi a \u00e9t\u00e9 \u00e9dict\u00e9e par l\u2019adoption de C-51)<\/p>\n<p><strong>LSDA<\/strong> : <i>Loi sur la s\u00fbret\u00e9 des d\u00e9placements a\u00e9riens<\/i><\/p>\n<p><strong>LIPR<\/strong> : <i>Loi sur l\u2019immigration et la protection des r\u00e9fugi\u00e9s<\/i><\/p>\n<p><strong>PPP\u00a0<\/strong>: Programme de protection des passagers<\/p>\n<p><strong>NSA<\/strong> : National Security Agency (l\u2019homologue am\u00e9ricain du CSTC)<\/p>\n<p><strong>Adresse IP<\/strong> : Adresse Internet Protocol &#8211; l\u2019identifiant unique d\u2019un ordinateur<\/p>\n<p><strong>IMSI<\/strong> : International Mobile Subscriber Identity &#8211; l\u2019identifiant unique d\u2019un cellulaire<\/p>\n","protected":false},"excerpt":{"rendered":"<p>SCRS : Service canadien du renseignement de s\u00e9curit\u00e9 &#8211; agence de renseignements CSARS : Comit\u00e9 de surveillance des activit\u00e9s de renseignement de s\u00e9curit\u00e9 &#8211; organisme d\u2019examen du SCRS CSTC : Centre de la s\u00e9curit\u00e9 des t\u00e9l\u00e9communications Canada &#8211; agence de renseignements \u00e9lectroniques BCCST : Bureau du commissaire du Centre de la s\u00e9curit\u00e9 des t\u00e9l\u00e9communications &#8211; [&hellip;]<\/p>\n","protected":false},"author":44,"featured_media":0,"parent":0,"menu_order":0,"comment_status":"closed","ping_status":"closed","template":"","meta":{"_acf_changed":false,"jetpack_post_was_ever_published":false,"footnotes":""},"class_list":["post-3713","page","type-page","status-publish","hentry"],"acf":[],"jetpack_shortlink":"https:\/\/wp.me\/P4gT3y-XT","jetpack_sharing_enabled":true,"_links":{"self":[{"href":"https:\/\/iclmg.ca\/fr\/wp-json\/wp\/v2\/pages\/3713","targetHints":{"allow":["GET"]}}],"collection":[{"href":"https:\/\/iclmg.ca\/fr\/wp-json\/wp\/v2\/pages"}],"about":[{"href":"https:\/\/iclmg.ca\/fr\/wp-json\/wp\/v2\/types\/page"}],"author":[{"embeddable":true,"href":"https:\/\/iclmg.ca\/fr\/wp-json\/wp\/v2\/users\/44"}],"replies":[{"embeddable":true,"href":"https:\/\/iclmg.ca\/fr\/wp-json\/wp\/v2\/comments?post=3713"}],"version-history":[{"count":0,"href":"https:\/\/iclmg.ca\/fr\/wp-json\/wp\/v2\/pages\/3713\/revisions"}],"wp:attachment":[{"href":"https:\/\/iclmg.ca\/fr\/wp-json\/wp\/v2\/media?parent=3713"}],"curies":[{"name":"wp","href":"https:\/\/api.w.org\/{rel}","templated":true}]}}