{"id":331,"date":"2014-03-12T15:39:19","date_gmt":"2014-03-12T19:39:19","guid":{"rendered":"https:\/\/iclmg.srv2.cfshosting.ca\/?page_id=331"},"modified":"2025-03-24T17:00:07","modified_gmt":"2025-03-24T21:00:07","slug":"enjeux","status":"publish","type":"page","link":"https:\/\/iclmg.ca\/fr\/enjeux\/","title":{"rendered":"Enjeux"},"content":{"rendered":"<ul>\n<li>\n<h2><a href=\"https:\/\/iclmg.ca\/fr\/20ans\/\">20 ans de la CSILC: D\u00e9fendre les libert\u00e9s civiles \u00e0 l\u2019\u00e8re de la s\u00e9curit\u00e9 nationale et de la guerre au terrorisme<\/a><\/h2>\n<\/li>\n<li>\n<h2><a href=\"http:\/\/iclmg.ca\/fr\/notre-analyse-de-c-22-un-projet-de-loi-inadequat-et-inquietant\/\">C-22 : Un projet de loi inad\u00e9quat et inqui\u00e9tant<\/a><\/h2>\n<\/li>\n<li>\n<h2><a href=\"http:\/\/iclmg.ca\/fr\/enjeux\/projet-de-loi-c-51-la-loi-antiterroriste-de-2015\/\">C-51: la Loi antiterroriste de 2015<\/a><\/h2>\n<\/li>\n<li>\n<h2><a href=\"http:\/\/iclmg.ca\/fr\/enjeux\/c-59-la-loi-de-2017-sur-la-securite-nationale\/\">C-59: la Loi de 2017 sur la s\u00e9curit\u00e9 nationale<\/a><\/h2>\n<\/li>\n<li>\n<h2><a href=\"http:\/\/iclmg.ca\/fr\/enjeux\/carte-dinformation-sur-la-securite-nationale-2001-2015\/\">Carte d&#8217;info l\u00e9gislative sur la s\u00e9curit\u00e9 nationale 2001-2015<\/a><\/h2>\n<\/li>\n<li>\n<h2><a href=\"http:\/\/iclmg.ca\/fr\/enjeux\/nos-reponses-a-la-consultation-en-ligne-sur-la-securite-nationale\/\">Consultation sur la S\u00e9curit\u00e9 Nationale : Nos r\u00e9ponses<\/a><\/h2>\n<\/li>\n<li>\n<h2><a href=\"http:\/\/surveillancedesvoyageurs.ca\">Contr\u00f4les frontaliers et listes de surveillance<\/a><\/h2>\n<\/li>\n<li>\n<h2><a href=\"http:\/\/iclmg.ca\/fr\/enjeux\/dans-linteret-national-criminalisation-des-defenseurs-des-terres-et-de-lenvironnement-dans-les-ameriques-rapport\/\">Criminalisation des d\u00e9fenseurs des terres et de l\u2019environnement<\/a><\/h2>\n<\/li>\n<li>\n<h2><a href=\"https:\/\/iclmg.ca\/fr\/ressources-contre-lislamophobie\/\">Islamophobie<\/a><\/h2>\n<\/li>\n<li>\n<h2><a href=\"http:\/\/iclmg.ca\/fr\/enjeux\/libertes-civiles-securite-nationale-et-solidarite-internationale-2\/\">Libert\u00e9s civiles, s\u00e9curit\u00e9 nationale et solidarit\u00e9 internationale<\/a><\/h2>\n<\/li>\n<li>\n<h2><a href=\"http:\/\/iclmg.ca\/fr\/enjeux\/mecanismes-de-surveillance-et-dexamen-des-agences-de-securite-nationale\/\">M\u00e9canismes d&#8217;examen des agences de s\u00e9curit\u00e9 nationale<\/a><\/h2>\n<\/li>\n<li>\n<h2><a href=\"http:\/\/iclmg.ca\/fr\/enjeux\/obligations-de-garder-la-paix-et-detention-preventive\/\">Obligations de garder la paix et d\u00e9tention pr\u00e9ventive<\/a><\/h2>\n<\/li>\n<li>\n<h2><strong><a href=\"http:\/\/iclmg.ca\/fr\/communique-publication-de-rapport-securite-nationale-et-droits-de-la-personne\/\">Rapport de la conf\u00e9rence Arar+10 : La s\u00e9curit\u00e9 nationale et les droits de la personne, une d\u00e9cennie apr\u00e8s<\/a><\/strong><\/h2>\n<\/li>\n<li>\n<h2><a href=\"http:\/\/iclmg.ca\/fr\/category\/non-classifiee\/ressources\/\">Ressources<\/a><\/h2>\n<\/li>\n<li>\n<h2><a href=\"http:\/\/iclmg.ca\/fr\/documents-2\/videos\/\">Vid\u00e9os<\/a><\/h2>\n<\/li>\n<\/ul>\n<div><\/div>\n<table style=\"border-color: #fcfcfc; background-color: #d6d4d4; height: 324px;\" width=\"625\">\n<tbody>\n<tr>\n<td style=\"width: 613px;\">\n<div>\n<h2 class=\"contributions__title contributions__title--epic\"><span style=\"color: #000000;\">Puisque vous \u00eates ici\u2026<\/span><\/h2>\n<p><span style=\"color: #000000;\">\u2026 nous avons une faveur \u00e0 vous demander. \u00c0 la CSILC, nous travaillons sans rel\u00e2che afin de prot\u00e9ger et promouvoir les droits humains et les libert\u00e9s civiles dans le contexte de la soi-disant &#8220;guerre au terrorisme&#8221; au Canada. Nous ne recevons aucune aide financi\u00e8re des gouvernements municipaux, provinciaux et f\u00e9d\u00e9ral, ni d\u2019aucun parti politique. Tout don nous aidera \u00e0 poursuivre notre travail.<\/span><\/p>\n<\/div>\n<div><span style=\"color: #000000;\">Vous h\u00e9sitez \u00e0 donner? Consulter la page sur nos nombreuses\u00a0<a href=\"http:\/\/iclmg.ca\/fr\/a-propos\/realisations-et-acquis\/\">R\u00e9alisations et Acquis<\/a>\u00a0depuis\u00a02002. Merci de votre g\u00e9n\u00e9rosit\u00e9!\u00a0<\/span><span style=\"color: #000000;\"><a style=\"color: #000000;\" href=\"http:\/\/iclmg.ca\/donate\/\"><strong><br \/>\n<img loading=\"lazy\" decoding=\"async\" class=\"wp-image-4201 aligncenter\" src=\"http:\/\/iclmg.ca\/wp-content\/uploads\/2017\/02\/bouton-faire-un-don-e1487111641869.jpg\" width=\"188\" height=\"38\" \/><\/strong><\/a><\/span><\/div>\n<\/td>\n<\/tr>\n<\/tbody>\n<\/table>\n","protected":false},"excerpt":{"rendered":"<p>20 ans de la CSILC: D\u00e9fendre les libert\u00e9s civiles \u00e0 l\u2019\u00e8re de la s\u00e9curit\u00e9 nationale et de la guerre au terrorisme C-22 : Un projet de loi inad\u00e9quat et inqui\u00e9tant C-51: la Loi antiterroriste de 2015 C-59: la Loi de 2017 sur la s\u00e9curit\u00e9 nationale Carte d&#8217;info l\u00e9gislative sur la s\u00e9curit\u00e9 nationale 2001-2015 Consultation sur [&hellip;]<\/p>\n","protected":false},"author":44,"featured_media":0,"parent":0,"menu_order":0,"comment_status":"closed","ping_status":"closed","template":"","meta":{"_acf_changed":false,"jetpack_post_was_ever_published":false,"footnotes":""},"class_list":["post-331","page","type-page","status-publish","hentry"],"acf":[],"jetpack_shortlink":"https:\/\/wp.me\/P4gT3y-5l","jetpack_sharing_enabled":true,"_links":{"self":[{"href":"https:\/\/iclmg.ca\/fr\/wp-json\/wp\/v2\/pages\/331","targetHints":{"allow":["GET"]}}],"collection":[{"href":"https:\/\/iclmg.ca\/fr\/wp-json\/wp\/v2\/pages"}],"about":[{"href":"https:\/\/iclmg.ca\/fr\/wp-json\/wp\/v2\/types\/page"}],"author":[{"embeddable":true,"href":"https:\/\/iclmg.ca\/fr\/wp-json\/wp\/v2\/users\/44"}],"replies":[{"embeddable":true,"href":"https:\/\/iclmg.ca\/fr\/wp-json\/wp\/v2\/comments?post=331"}],"version-history":[{"count":0,"href":"https:\/\/iclmg.ca\/fr\/wp-json\/wp\/v2\/pages\/331\/revisions"}],"wp:attachment":[{"href":"https:\/\/iclmg.ca\/fr\/wp-json\/wp\/v2\/media?parent=331"}],"curies":[{"name":"wp","href":"https:\/\/api.w.org\/{rel}","templated":true}]}}