{"id":3271,"date":"2016-04-06T17:28:49","date_gmt":"2016-04-06T21:28:49","guid":{"rendered":"https:\/\/iclmg.srv2.cfshosting.ca\/fr\/?page_id=3271"},"modified":"2017-02-27T15:15:18","modified_gmt":"2017-02-27T20:15:18","slug":"obligations-de-garder-la-paix-et-detention-preventive","status":"publish","type":"page","link":"https:\/\/iclmg.ca\/fr\/enjeux\/obligations-de-garder-la-paix-et-detention-preventive\/","title":{"rendered":"Obligations de garder la paix et d\u00e9tention pr\u00e9ventive"},"content":{"rendered":"<h3>Obligations de garder la paix &#8211; section 810.011 du Code criminel<\/h3>\n<p>Les obligations de garder la paix (plus techniquement, &#8220;engagement assorti de conditions&#8221;) sont essentiellement des ordonnances restrictives. Elles sont relativement courantes dans un contexte non-terroriste. Apr\u00e8s les attentats du 11 septembre 2001, les obligations de garder la paix ont \u00e9t\u00e9 \u00e9tendues \u00e0 un contexte de terrorisme. La section 810.011 du Code criminel stipule que &#8220;quiconque a des motifs raisonnables de craindre la possibilit\u00e9 qu\u2019une personne commette une infraction de terrorisme peut, avec le consentement du\/de la procureur.e g\u00e9n\u00e9ral.e, d\u00e9poser une d\u00e9nonciation devant un.e juge d\u2019une cour provinciale.&#8221;<\/p>\n<p>Le\/la juge peut ordonner ordonner que la personne contracte l\u2019engagement, avec ou sans caution, de ne pas troubler l\u2019ordre public et d\u2019avoir une bonne conduite pour une p\u00e9riode maximale de douze mois.\u00a0Si la personne a d\u00e9j\u00e0 \u00e9t\u00e9 reconnue coupable d\u2019une infraction de terrorisme, le\/la juge peut lui ordonner de contracter l\u2019engagement pour une p\u00e9riode maximale de cinq ans.\u00a0Si la personne omet ou refuse de contracter un engagement, le\/la juge\u00a0peut lui infliger une peine de prison maximale de douze mois.<\/p>\n<p>Le\/la juge peut \u00e9galement ajouter des conditions raisonnables \u00e0 l&#8217;engagement, tels que:<\/p>\n<ol>\n<li>de participer \u00e0 un programme de traitement;<\/li>\n<li>de porter un dispositif de surveillance \u00e0 distance, si le\/la procureur.e g\u00e9n\u00e9ral.e en fait la demande;<\/li>\n<li>de regagner sa r\u00e9sidence et d\u2019y rester aux moments pr\u00e9cis\u00e9s dans l\u2019engagement;<\/li>\n<li>de s\u2019abstenir de consommer des drogues, de l\u2019alcool ou d\u2019autres substances intoxicantes;<\/li>\n<li>de remettre\u00a0leurs armes \u00e0 feu et autres armes;<\/li>\n<li>de d\u00e9poser\u00a0leur passeport; ou<\/li>\n<li>de rester dans une zone g\u00e9ographique d\u00e9termin\u00e9e.<\/li>\n<\/ol>\n<p>Une violation de l&#8217;engagement est une infraction p\u00e9nale passible d&#8217;un emprisonnement maximal de quatre ans.<\/p>\n<h3>La d\u00e9tention pr\u00e9ventive &#8211; section\u00a083.3 du Code criminel<\/h3>\n<p>Il existe une autre forme d&#8217;obligations de garder la paix (ou engagement assorti de conditions) dans le Code criminel : l&#8217;article 83.3, qui est plus commun\u00e9ment connu sous le nom de d\u00e9tention pr\u00e9ventive. Il stipule ce qui suit: &#8220;Un.e\u00a0agent.e de la paix peut d\u00e9poser une d\u00e9nonciation devant un.e juge de la cour provinciale avec le consentement pr\u00e9alable du\/de la procureur.e g\u00e9n\u00e9ral.e. si, \u00e0 la fois\u00a0:<\/p>\n<ul>\n<li class=\"Subsection\">il a des motifs raisonnables de croire \u00e0 la <em>possibilit\u00e9<\/em> qu\u2019une activit\u00e9 terroriste soit entreprise;<\/li>\n<li class=\"Subsection\">il a des motifs raisonnables de <em>soup\u00e7onner<\/em> que l\u2019imposition, \u00e0 une personne, d\u2019un engagement assorti de conditions ou son arrestation aura vraisemblablement pour effet d\u2019emp\u00eacher que l\u2019activit\u00e9 terroriste ne soit entreprise.<\/li>\n<\/ul>\n<p class=\"Subsection\">Le\/la juge peut ordonner que la personne contracte l\u2019engagement, avec ou sans caution, de ne pas troubler l\u2019ordre public et d\u2019avoir une bonne conduite pour une p\u00e9riode maximale de douze mois.\u00a0Si la personne a d\u00e9j\u00e0 \u00e9t\u00e9 reconnue coupable d\u2019une infraction de terrorisme, le\/la juge peut lui ordonner de contracter l\u2019engagement pour une p\u00e9riode maximale de\u00a0deux\u00a0ans.\u00a0Si la personne omet ou refuse de contracter un engagement, le\/la juge\u00a0peut lui infliger une peine de prison maximale de douze mois. Une violation de l&#8217;engagement est une infraction p\u00e9nale passible d&#8217;un emprisonnement maximal de quatre ans.<\/p>\n<p>Cette disposition a \u00e9t\u00e9 introduite par la Loi antiterroriste de 2001. \u00c0 notre connaissance, elle n&#8217;a pas encore \u00e9t\u00e9 utilis\u00e9e montrant qu&#8217;elle n&#8217;est pas n\u00e9cessaire pour emp\u00eacher les\u00a0actes\u00a0de terrorisme. La disposition est soumise \u00e0 une clause cr\u00e9pusculaire\u00a0tous les cinq ans, puisque de l&#8217;avis m\u00eame des\u00a0l\u00e9gislateurs il s&#8217;agit d&#8217;une restriction grave du droit \u00e0 la libert\u00e9 garanti par la Charte\u00a0canadienne. En mars 2007, il y a eu une tentative du gouvernement conservateur minoritaire de renouveler cette disposition &#8211; parall\u00e8lement \u00e0 la <a href=\"http:\/\/laws-lois.justice.gc.ca\/fra\/lois\/C-46\/page-18.html\" target=\"_blank\">disposition sur les\u00a0audiences d&#8217;investigation<\/a> &#8211; mais la motion a \u00e9chou\u00e9. Les Lib\u00e9raux ont vot\u00e9 contre la r\u00e9int\u00e9gration de ces dispositions en 2007. Le <a href=\"http:\/\/iclmg.ca\/fr\/enjeux\/carte-dinformation-sur-la-securite-nationale-2001-2015\/\" target=\"_blank\">projet de loi S-7<\/a>, introduit en 2013, a propos\u00e9 de r\u00e9tablir les deux dispositions. Il a \u00e9t\u00e9 adopt\u00e9\u00a0cette fois avec l&#8217;appui des Lib\u00e9raux.<\/p>\n<h3>C-51: L&#8217;abaissement du seuil de privation de libert\u00e9<\/h3>\n<p>La Loi antiterroriste de 2015 (le projet de loi C-51) a abaiss\u00e9 les seuils d\u2019obligations \u00e0 remplir afin d\u2019effectuer une\u00a0arrestation pr\u00e9ventive ou d\u2019utiliser un engagement de garder la paix, et allonge la dur\u00e9e pendant laquelle une personne peur \u00eatre d\u00e9tenue\u00a0sans avoir \u00e9t\u00e9 inculp\u00e9e, tout en sugg\u00e9rant aux juges un nouvelle gamme de conditions.\u00a0Permettre aux individus de faire l\u2019objet de restrictions s\u00e9v\u00e8res \u00e0 leur libert\u00e9 sans accusation en mati\u00e8re p\u00e9nale \u2013\u00a0encore\u00a0moins une condamnation \u2013 \u00e9tait\u00a0d\u00e9j\u00e0 autoris\u00e9 en vertu du Code criminel. Ces mesures sont extraordinaires et doivent \u00eatre autoris\u00e9es que dans les cas les plus exceptionnels, mais C-51 a\u00a0\u00e9largi la capacit\u00e9 de l\u2019\u00c9tat de contr\u00f4ler la libert\u00e9 d\u2019un individu sans aucune accusation criminelle ou sans conviction, et avec peu d&#8217;indication d&#8217;un\u00a0plan ou d\u2019intention de commettre un crime\u00a0en abaissant le seuil pour une arrestation pr\u00e9ventive de \u00ab\u00a0commettra\u00a0\u00bb un crime \u00e0 \u00ab possibilit\u00e9\u00a0de commettre\u00a0\u00bb un crime.<\/p>\n<p>Le professeur de droit en mati\u00e8re de s\u00e9curit\u00e9 nationale de l&#8217;Universit\u00e9 d&#8217;Ottawa Craig Forcese dit que: &#8220;Chaque fois que les normes de preuve sont d\u00e9tendues d&#8217;une telle fa\u00e7on, le risque de faux positifs augmente. Par cons\u00e9quent, les obligations de garder la paix risquent d&#8217;aller trop loin. \u00c0\u00a0cet \u00e9gard, elles peuvent se r\u00e9v\u00e9ler trop fortes, enveloppant les mauvaises personnes dans leur \u00e9treinte \u00e9touffante.&#8221; Les obligations de garder la paix &#8220;n&#8217;emp\u00eacheront\u00a0pas n\u00e9cessairement une personne dangereuse et d\u00e9termin\u00e9e&#8221; de faire du mal. D&#8217;autre part, elle est potentiellement une mesure trop agressive pour quelqu&#8217;un qui pourrait ne jamais comment l&#8217;acte craint&#8221;. Forcese explique \u00e9galement comment il pourrait \u00eatre facile de violer les \u00abconditions on\u00e9reuses\u00bb d&#8217;une obligation de garder la paix, ce qui pourrait signifier la\u00a0prison pour un comportement qui ne serait pas consid\u00e9r\u00e9 comme criminel dans un autre contexte. Le simple fait de marcher dans une pi\u00e8ce avec un ordinateur quand on est pas cens\u00e9 \u00eatre dans une pi\u00e8ce avec des ordinateurs, par exemple, serait consid\u00e9r\u00e9 comme une violation.<\/p>\n<h3>Combien de fois ont-elles \u00e9t\u00e9 utilis\u00e9es?<\/h3>\n<p>Selon Forcese, il y a eu 16 obligations de garder\u00a0la paix entourant des craintes de terrorisme sign\u00e9es depuis 2001. Ce nombre est bas\u00e9 sur le rapport de d\u00e9cembre 2015 de\u00a0Stewart Bell. M. Bell a\u00a0\u00e0 son tour fond\u00e9 ses reportages sur une figure du Service des poursuites p\u00e9nales du Canada : en 2015, &#8220;la police ont obtenu\u00a0des obligations de garder la paix li\u00e9es au terrorisme contre neuf personnes\u00a0dans quatre provinces.&#8221; En outre, nous savons qu&#8217;il y a eu\u00a0au moins 6 obligations de garder la paix jusqu&#8217;\u00e0 aujourd&#8217;hui\u00a0(bien qu&#8217;il soit possible qu&#8217;il y en ait eu\u00a08, comme indiqu\u00e9 ci-dessous). Il y a eu 4 processus d&#8217;obligations de garder la paix en cours en 2016, \u00e0 sa connaissance. Driver\u00a0a en effet accept\u00e9 une obligation de garder\u00a0la paix &#8211; un record parfait pour la Couronne qui semblerait ne pas avoir eu \u00e0 utiliser le plein jugement de la cour pour les\u00a0questions d&#8217;obligations de garder la paix. Un autre, contre Kevin Omar Mohamed, a maintenant \u00e9t\u00e9 abandonn\u00e9 au profit d&#8217;accusations criminelles pures et simples. Un autre &#8211; Habib &#8211; a aussi \u00e9t\u00e9 transform\u00e9 en accusations criminelles, mais il y aurait\u00a0encore la possibilit\u00e9 d&#8217;une obligation de garder\u00a0paix dans le m\u00e9lange (une perspective que Forcese et nous ne pouvons expliquer et trouvons\u00a0\u00e9trange). Et un dernier processus qui s&#8217;est conclu avec une obligation de garder la paix\u00a0(Elabi) qui, en d\u00e9pit d&#8217;une faute de frappe apparente dans la r\u00e9f\u00e9rence \u00e0 l&#8217;article du Code criminel, \u00e9tait li\u00e9 au\u00a0terrorisme.<\/p>\n<p><a href=\"http:\/\/www.680news.com\/2016\/04\/21\/two-ontario-men-arrested-on-terrorism-peace-bonds-appear-in-court-no-charges-laid\/\" target=\"_blank\">Mise \u00e0 jour<\/a>: Le 21 avril, deux hommes ont \u00e9t\u00e9 arr\u00eat\u00e9s en vertu de l&#8217;article 810.011 du code criminel. Ils sont rapidement apparus devant la cour et y retourneront dans un mois. Leur avocat ne conna\u00eet toujours pas les all\u00e9gations pesant contre\u00a0les deux hommes.<\/p>\n<hr \/>\n<p><strong>Sources<\/strong><\/p>\n<p>Code criminel, Section 810.011, Crainte d\u2019une infraction de terrorisme : http:\/\/laws-lois.justice.gc.ca\/fra\/lois\/c-46\/page-203.html<\/p>\n<p>Code criminel, article 811, Manquement \u00e0 l\u2019engagement : http:\/\/laws-lois.justice.gc.ca\/fra\/lois\/C-46\/page-206.html#docCont<\/p>\n<p>Code criminel, article 83.3, Engagement assorti de conditions : http:\/\/laws-lois.justice.gc.ca\/fra\/lois\/C-46\/page-18.html<\/p>\n<p>Vice News,\u00a0When Canadian Police Can&#8217;t Charge People for Terrorism, They Use Peace Bonds\u00a0: https:\/\/news.vice.com\/article\/when-canadian-police-cant-charge-people-for-terrorism-they-use-peace-bonds<\/p>\n<p>Craig Forcese,\u00a0Antiterror Peace Bonds In A\u00a0Nutshell\u00a0: http:\/\/craigforcese.squarespace.com\/national-security-law-blog\/2016\/4\/1\/antiterror-peace-bonds-in-a-nutshell.html<\/p>\n<div><\/div>\n<table style=\"border-color: #fcfcfc;background-color: #d6d4d4;height: 324px\" width=\"625\">\n<tbody>\n<tr>\n<td style=\"width: 613px\">\n<div>\n<h2 class=\"contributions__title contributions__title--epic\"><span style=\"color: #000000\">Puisque vous \u00eates ici\u2026<\/span><\/h2>\n<p><span style=\"color: #000000\">\u2026 nous avons une faveur \u00e0 vous demander. \u00c0 la CSILC, nous travaillons sans rel\u00e2che afin de prot\u00e9ger et promouvoir les droits humains et les libert\u00e9s civiles dans le contexte de la soi-disant &#8220;guerre au terrorisme&#8221; au Canada. Nous ne recevons aucune aide financi\u00e8re des gouvernements municipaux, provinciaux et f\u00e9d\u00e9ral, ni d\u2019aucun parti politique. Tout don nous aidera \u00e0 poursuivre notre travail.<\/span><\/p>\n<\/div>\n<div><span style=\"color: #000000\">Vous h\u00e9sitez \u00e0 donner? Consulter la page sur nos nombreuses\u00a0<a href=\"http:\/\/iclmg.ca\/fr\/a-propos\/realisations-et-acquis\/\">R\u00e9alisations et Acquis<\/a>\u00a0depuis\u00a02002. Merci de votre g\u00e9n\u00e9rosit\u00e9!\u00a0<\/span><span style=\"color: #000000\"><a style=\"color: #000000\" href=\"http:\/\/iclmg.ca\/donate\/\"><strong><br \/>\n<img loading=\"lazy\" decoding=\"async\" class=\"wp-image-4201 aligncenter\" src=\"http:\/\/iclmg.ca\/wp-content\/uploads\/2017\/02\/bouton-faire-un-don-e1487111641869.jpg\" width=\"188\" height=\"38\" \/><\/strong><\/a><\/span><\/div>\n<\/td>\n<\/tr>\n<\/tbody>\n<\/table>\n","protected":false},"excerpt":{"rendered":"<p>Obligations de garder la paix &#8211; section 810.011 du Code criminel Les obligations de garder la paix (plus techniquement, &#8220;engagement assorti de conditions&#8221;) sont essentiellement des ordonnances restrictives. Elles sont relativement courantes dans un contexte non-terroriste. Apr\u00e8s les attentats du 11 septembre 2001, les obligations de garder la paix ont \u00e9t\u00e9 \u00e9tendues \u00e0 un contexte [&hellip;]<\/p>\n","protected":false},"author":44,"featured_media":0,"parent":331,"menu_order":0,"comment_status":"closed","ping_status":"closed","template":"","meta":{"_acf_changed":false,"jetpack_post_was_ever_published":false,"footnotes":""},"class_list":["post-3271","page","type-page","status-publish","hentry"],"acf":[],"jetpack_shortlink":"https:\/\/wp.me\/P4gT3y-QL","jetpack_sharing_enabled":true,"_links":{"self":[{"href":"https:\/\/iclmg.ca\/fr\/wp-json\/wp\/v2\/pages\/3271","targetHints":{"allow":["GET"]}}],"collection":[{"href":"https:\/\/iclmg.ca\/fr\/wp-json\/wp\/v2\/pages"}],"about":[{"href":"https:\/\/iclmg.ca\/fr\/wp-json\/wp\/v2\/types\/page"}],"author":[{"embeddable":true,"href":"https:\/\/iclmg.ca\/fr\/wp-json\/wp\/v2\/users\/44"}],"replies":[{"embeddable":true,"href":"https:\/\/iclmg.ca\/fr\/wp-json\/wp\/v2\/comments?post=3271"}],"version-history":[{"count":0,"href":"https:\/\/iclmg.ca\/fr\/wp-json\/wp\/v2\/pages\/3271\/revisions"}],"up":[{"embeddable":true,"href":"https:\/\/iclmg.ca\/fr\/wp-json\/wp\/v2\/pages\/331"}],"wp:attachment":[{"href":"https:\/\/iclmg.ca\/fr\/wp-json\/wp\/v2\/media?parent=3271"}],"curies":[{"name":"wp","href":"https:\/\/api.w.org\/{rel}","templated":true}]}}