{"id":318,"date":"2014-03-12T15:37:21","date_gmt":"2014-03-12T19:37:21","guid":{"rendered":"https:\/\/iclmg.srv2.cfshosting.ca\/?page_id=318"},"modified":"2021-03-05T16:37:05","modified_gmt":"2021-03-05T21:37:05","slug":"documents-2","status":"publish","type":"page","link":"https:\/\/iclmg.ca\/fr\/documents-2\/","title":{"rendered":"Mat\u00e9riel"},"content":{"rendered":"<ul>\n<li>\n<h2><a style=\"font-size: 1.285714286rem; line-height: 1.6;\" title=\"Communiqu\u00e9s de presse\" href=\"http:\/\/iclmg.ca\/fr\/documents-2\/communiques-de-presse\/\">Communiqu\u00e9s de presse<\/a><\/h2>\n<\/li>\n<li>\n<h2><a title=\"\u00c9ditoriaux\" href=\"http:\/\/iclmg.ca\/fr\/documents-2\/editoriaux\/\">\u00c9ditoriaux<\/a><\/h2>\n<\/li>\n<li>\n<h2><a style=\"font-size: 1.285714286rem; line-height: 1.6;\" title=\"Lettres\" href=\"http:\/\/iclmg.ca\/fr\/documents-2\/lettres\/\">Lettres &amp; d\u00e9clarations<\/a><\/h2>\n<\/li>\n<li>\n<h2><a style=\"font-size: 1.285714286rem; line-height: 1.6;\" title=\"M\u00e9moires\" href=\"http:\/\/iclmg.ca\/fr\/documents-2\/memoires\/\">M\u00e9moires<\/a><\/h2>\n<\/li>\n<li>\n<h2><a href=\"http:\/\/iclmg.ca\/fr\/documents-2\/rapports\/\">Rapports &amp; chapitres<\/a><\/h2>\n<\/li>\n<li>\n<h2><a href=\"http:\/\/iclmg.ca\/fr\/documents-2\/videos\/\">Vid\u00e9os<\/a><\/h2>\n<\/li>\n<\/ul>\n<div><\/div>\n<table style=\"border-color: #fcfcfc; background-color: #d6d4d4; height: 324px;\" width=\"625\">\n<tbody>\n<tr>\n<td style=\"width: 613px;\">\n<div>\n<h2 class=\"contributions__title contributions__title--epic\"><span style=\"color: #000000;\">Puisque vous \u00eates ici\u2026<\/span><\/h2>\n<p><span style=\"color: #000000;\">\u2026 nous avons une faveur \u00e0 vous demander. \u00c0 la CSILC, nous travaillons sans rel\u00e2che afin de prot\u00e9ger et promouvoir les droits humains et les libert\u00e9s civiles dans le contexte de la soi-disant &#8220;guerre au terrorisme&#8221; au Canada. Nous ne recevons aucune aide financi\u00e8re des gouvernements municipaux, provinciaux et f\u00e9d\u00e9ral, ni d\u2019aucun parti politique. Tout don nous aidera \u00e0 poursuivre notre travail.<\/span><\/p>\n<\/div>\n<div><span style=\"color: #000000;\">Vous h\u00e9sitez \u00e0 donner? Consulter la page sur nos nombreuses\u00a0<a href=\"http:\/\/iclmg.ca\/fr\/a-propos\/realisations-et-acquis\/\">R\u00e9alisations et Acquis<\/a>\u00a0depuis\u00a02002. Merci de votre g\u00e9n\u00e9rosit\u00e9!\u00a0<\/span><span style=\"color: #000000;\"><a style=\"color: #000000;\" href=\"http:\/\/iclmg.ca\/donate\/\"><strong><br \/>\n<img loading=\"lazy\" decoding=\"async\" class=\"wp-image-4201 aligncenter\" src=\"http:\/\/iclmg.ca\/wp-content\/uploads\/2017\/02\/bouton-faire-un-don-e1487111641869.jpg\" width=\"188\" height=\"38\" \/><\/strong><\/a><\/span><\/div>\n<\/td>\n<\/tr>\n<\/tbody>\n<\/table>\n","protected":false},"excerpt":{"rendered":"<p>Communiqu\u00e9s de presse \u00c9ditoriaux Lettres &amp; d\u00e9clarations M\u00e9moires Rapports &amp; chapitres Vid\u00e9os Puisque vous \u00eates ici\u2026 \u2026 nous avons une faveur \u00e0 vous demander. \u00c0 la CSILC, nous travaillons sans rel\u00e2che afin de prot\u00e9ger et promouvoir les droits humains et les libert\u00e9s civiles dans le contexte de la soi-disant &#8220;guerre au terrorisme&#8221; au Canada. Nous [&hellip;]<\/p>\n","protected":false},"author":44,"featured_media":0,"parent":0,"menu_order":0,"comment_status":"closed","ping_status":"closed","template":"","meta":{"_acf_changed":false,"jetpack_post_was_ever_published":false,"footnotes":""},"class_list":["post-318","page","type-page","status-publish","hentry"],"acf":[],"jetpack_shortlink":"https:\/\/wp.me\/P4gT3y-58","jetpack_sharing_enabled":true,"_links":{"self":[{"href":"https:\/\/iclmg.ca\/fr\/wp-json\/wp\/v2\/pages\/318","targetHints":{"allow":["GET"]}}],"collection":[{"href":"https:\/\/iclmg.ca\/fr\/wp-json\/wp\/v2\/pages"}],"about":[{"href":"https:\/\/iclmg.ca\/fr\/wp-json\/wp\/v2\/types\/page"}],"author":[{"embeddable":true,"href":"https:\/\/iclmg.ca\/fr\/wp-json\/wp\/v2\/users\/44"}],"replies":[{"embeddable":true,"href":"https:\/\/iclmg.ca\/fr\/wp-json\/wp\/v2\/comments?post=318"}],"version-history":[{"count":0,"href":"https:\/\/iclmg.ca\/fr\/wp-json\/wp\/v2\/pages\/318\/revisions"}],"wp:attachment":[{"href":"https:\/\/iclmg.ca\/fr\/wp-json\/wp\/v2\/media?parent=318"}],"curies":[{"name":"wp","href":"https:\/\/api.w.org\/{rel}","templated":true}]}}