{"id":160,"date":"2014-03-10T18:31:44","date_gmt":"2014-03-10T22:31:44","guid":{"rendered":"https:\/\/iclmg.srv2.cfshosting.ca\/?page_id=160"},"modified":"2024-05-14T14:10:02","modified_gmt":"2024-05-14T18:10:02","slug":"nous-joindre","status":"publish","type":"page","link":"https:\/\/iclmg.ca\/fr\/nous-joindre\/","title":{"rendered":"Nous joindre"},"content":{"rendered":"<p><strong>Coalition pour la surveillance internationale des libert\u00e9s civiles<\/strong><br \/>\n210-4 Florence Street<br \/>\nOttawa, ON<br \/>\nK2P 0W7<br \/>\n(613) 241-5298<\/p>\n<p><strong>Tim McSorley<\/strong><br \/>\nCoordonnateur national<br \/>\nnationalcoordination@iclmg.ca<\/p>\n<p><strong>Pour les demandes des m\u00e9dias<\/strong>, contactez Tim McSorley \u00e0 nationalcoordination@iclmg.ca ou au (613) 241-5298<\/p>\n<p><strong>Xan Dagenais<\/strong><br \/>\nCoordination, communications et recherche<br \/>\ncommunications@iclmg.ca<\/p>\n<p><strong><a href=\"https:\/\/visitor.r20.constantcontact.com\/manage\/optin?v=001ckb9oAtDPLNJ3yZfpir710n3vavcyZ2WtBLTiqE-qv86L3EPyMjF1zbrUPHfZ7gFgja6ohMWg8azVYMzLdOXUZeTaeefMWzJcD8jR_9ICzReQ3Afk-6POc9Jt1OY7F15beY5sm8iZ-V132tfk_xMRQ%3D%3D\" target=\"_blank\" rel=\"noopener noreferrer\">Restez en contact avec nous en vous inscrivant \u00e0 notre liste d&#8217;envoi!<\/a><\/strong><\/p>\n<div><\/div>\n<table style=\"border-color: #fcfcfc; background-color: #d6d4d4; height: 324px;\" width=\"625\">\n<tbody>\n<tr>\n<td style=\"width: 613px;\">\n<div>\n<h2 class=\"contributions__title contributions__title--epic\"><span style=\"color: #000000;\">Puisque vous \u00eates ici\u2026<\/span><\/h2>\n<p><span style=\"color: #000000;\">\u2026 nous avons une faveur \u00e0 vous demander. \u00c0 la CSILC, nous travaillons sans rel\u00e2che afin de prot\u00e9ger et promouvoir les droits humains et les libert\u00e9s civiles dans le contexte de la soi-disant &#8220;guerre au terrorisme&#8221; au Canada. Nous ne recevons aucune aide financi\u00e8re des gouvernements municipaux, provinciaux et f\u00e9d\u00e9ral, ni d\u2019aucun parti politique. Tout don nous aidera \u00e0 poursuivre notre travail.<\/span><\/p>\n<\/div>\n<div><span style=\"color: #000000;\">Vous h\u00e9sitez \u00e0 donner? Consulter la page sur nos nombreuses\u00a0<a href=\"http:\/\/iclmg.ca\/fr\/a-propos\/realisations-et-acquis\/\">R\u00e9alisations et Acquis<\/a>\u00a0depuis\u00a02002. Merci de votre g\u00e9n\u00e9rosit\u00e9!\u00a0<\/span><span style=\"color: #000000;\"><a style=\"color: #000000;\" href=\"http:\/\/iclmg.ca\/donate\/\"><strong><br \/>\n<img loading=\"lazy\" decoding=\"async\" class=\"wp-image-4201 aligncenter\" src=\"http:\/\/iclmg.ca\/wp-content\/uploads\/2017\/02\/bouton-faire-un-don-e1487111641869.jpg\" width=\"188\" height=\"38\" \/><\/strong><\/a><\/span><\/div>\n<\/td>\n<\/tr>\n<\/tbody>\n<\/table>\n","protected":false},"excerpt":{"rendered":"<p>Coalition pour la surveillance internationale des libert\u00e9s civiles 210-4 Florence Street Ottawa, ON K2P 0W7 (613) 241-5298 Tim McSorley Coordonnateur national nationalcoordination@iclmg.ca Pour les demandes des m\u00e9dias, contactez Tim McSorley \u00e0 nationalcoordination@iclmg.ca ou au (613) 241-5298 Xan Dagenais Coordination, communications et recherche communications@iclmg.ca Restez en contact avec nous en vous inscrivant \u00e0 notre liste d&#8217;envoi! [&hellip;]<\/p>\n","protected":false},"author":44,"featured_media":0,"parent":0,"menu_order":0,"comment_status":"closed","ping_status":"closed","template":"","meta":{"_acf_changed":false,"jetpack_post_was_ever_published":false,"footnotes":""},"class_list":["post-160","page","type-page","status-publish","hentry"],"acf":[],"jetpack_shortlink":"https:\/\/wp.me\/P4gT3y-2A","jetpack_sharing_enabled":true,"_links":{"self":[{"href":"https:\/\/iclmg.ca\/fr\/wp-json\/wp\/v2\/pages\/160","targetHints":{"allow":["GET"]}}],"collection":[{"href":"https:\/\/iclmg.ca\/fr\/wp-json\/wp\/v2\/pages"}],"about":[{"href":"https:\/\/iclmg.ca\/fr\/wp-json\/wp\/v2\/types\/page"}],"author":[{"embeddable":true,"href":"https:\/\/iclmg.ca\/fr\/wp-json\/wp\/v2\/users\/44"}],"replies":[{"embeddable":true,"href":"https:\/\/iclmg.ca\/fr\/wp-json\/wp\/v2\/comments?post=160"}],"version-history":[{"count":0,"href":"https:\/\/iclmg.ca\/fr\/wp-json\/wp\/v2\/pages\/160\/revisions"}],"wp:attachment":[{"href":"https:\/\/iclmg.ca\/fr\/wp-json\/wp\/v2\/media?parent=160"}],"curies":[{"name":"wp","href":"https:\/\/api.w.org\/{rel}","templated":true}]}}