{"id":118,"date":"2014-03-04T12:34:20","date_gmt":"2014-03-04T17:34:20","guid":{"rendered":"https:\/\/iclmg.srv2.cfshosting.ca\/?page_id=118"},"modified":"2025-10-07T16:55:41","modified_gmt":"2025-10-07T20:55:41","slug":"membres-et-partenaires","status":"publish","type":"page","link":"https:\/\/iclmg.ca\/fr\/a-propos\/membres-et-partenaires\/","title":{"rendered":"Membres et partenaires"},"content":{"rendered":"<h3><strong>Organisations membres<\/strong><\/h3>\n<ul>\n<li><span style=\"font-family: verdana, geneva, sans-serif; font-size: 10pt;\"><a title=\"Public Service Alliance of Canada\" href=\"http:\/\/www.psac-afpc.org\/\" target=\"_blank\" rel=\"noopener noreferrer\">Alliance de la Fonction publique du Canada<\/a><\/span><\/li>\n<li><span style=\"font-family: verdana, geneva, sans-serif; font-size: 10pt;\"><a title=\"Amnesty International\" href=\"http:\/\/www.amnesty.ca\/\" target=\"_blank\" rel=\"noopener noreferrer\">Amnistie internationale<\/a><\/span><\/li>\n<li><span style=\"font-family: verdana, geneva, sans-serif; font-size: 10pt;\"><a title=\"Canadian Association of University Teachers\" href=\"http:\/\/www.caut.ca\/\" target=\"_blank\" rel=\"noopener noreferrer\">Association canadienne de professeures et professeurs d&#8217;universit\u00e9<\/a><\/span><\/li>\n<li><span style=\"font-family: verdana, geneva, sans-serif; font-size: 10pt;\"><a href=\"http:\/\/cmla-acam.ca\" target=\"_blank\" rel=\"noopener noreferrer\">Association canadienne des avocats musulmans<\/a><\/span><\/li>\n<li><span style=\"font-family: verdana, geneva, sans-serif; font-size: 10pt;\"><a title=\"Association qu\u00e9b\u00e9coise des organismes de coop\u00e9ration internationale\" href=\"http:\/\/www.aqoci.qc.ca\/\" target=\"_blank\" rel=\"noopener noreferrer\">Association qu\u00e9b\u00e9coise des organismes de coop\u00e9ration internationale<\/a><\/span><\/li>\n<li><span style=\"font-family: verdana, geneva, sans-serif; font-size: 10pt;\"><a title=\"B.C. Freedom of Information and Privacy Association\" href=\"http:\/\/fipa.bc.ca\/\" target=\"_blank\" rel=\"noopener noreferrer\">B.C. Freedom of Information and Privacy Association<\/a><\/span><\/li>\n<li><span style=\"font-family: verdana, geneva, sans-serif; font-size: 10pt;\"><a title=\"Canadian Friends Service Committee\" href=\"http:\/\/quakerservice.ca\" target=\"_blank\" rel=\"noopener noreferrer\">Canadian Friends Service Committee<\/a><br \/>\n<\/span><\/li>\n<li><a href=\"https:\/\/canadianmuslimpac.ca\/\"><span style=\"font-family: verdana, geneva, sans-serif; font-size: 10pt;\">Canadian Muslim Public Affairs Committee<\/span><\/a><\/li>\n<li><span style=\"font-family: verdana, geneva, sans-serif; font-size: 10pt;\"><a title=\"Canadian Unitarians for Social Justice\" href=\"http:\/\/cusj.org\" target=\"_blank\" rel=\"noopener noreferrer\">Canadian Unitarians for Social Justice<\/a><\/span><\/li>\n<li><span style=\"font-family: verdana, geneva, sans-serif; font-size: 10pt;\"><a href=\"http:\/\/vowpeace.org\" target=\"_blank\" rel=\"noopener noreferrer\">Canadian Voice of Women for Peace<\/a><\/span><\/li>\n<li><a href=\"https:\/\/fr-cjpme.nationbuilder.com\/\" target=\"_blank\" rel=\"noopener\">Canadiens pour la justice et la paix au Moyen-Orient<\/a><\/li>\n<li><span style=\"font-family: verdana, geneva, sans-serif; font-size: 10pt;\"><a title=\"CARE Canada\" href=\"http:\/\/care.ca\/fr\/homepage\" target=\"_blank\" rel=\"noopener noreferrer\">CARE Canada<\/a><\/span><\/li>\n<li><span style=\"font-family: verdana, geneva, sans-serif; font-size: 10pt;\"><a title=\"Confederation of Canadian Unions\" href=\"http:\/\/www.ccu-csc.ca\/\" target=\"_blank\" rel=\"noopener noreferrer\">Conf\u00e9d\u00e9ration des syndicats canadiens<\/a><\/span><\/li>\n<li><span style=\"font-family: verdana, geneva, sans-serif; font-size: 10pt;\"><a title=\"Canadian Labour Congress\" href=\"http:\/\/www.congresdutravail.ca\/accueil\" target=\"_blank\" rel=\"noopener noreferrer\">Congr\u00e8s du travail du Canada<\/a><\/span><\/li>\n<li><span style=\"font-family: verdana, geneva, sans-serif; font-size: 10pt;\"><a title=\"Canadian Council for Refugees\" href=\"http:\/\/ccrweb.ca\/fr\/accueil\" target=\"_blank\" rel=\"noopener noreferrer\">Conseil canadien pour les r\u00e9fugi\u00e9s<\/a><\/span><\/li>\n<li><span style=\"font-family: verdana, geneva, sans-serif; font-size: 10pt;\"><a title=\"The Council of Canadians\" href=\"http:\/\/www.canadians.org\/francais\/index.html\" target=\"_blank\" rel=\"noopener noreferrer\">Conseil des Canadiens<\/a><\/span><\/li>\n<li><span style=\"font-family: verdana, geneva, sans-serif; font-size: 10pt;\"><a title=\"Canadian Ethnocultural Council\" href=\"http:\/\/www.ethnocultural.ca\/fr\" target=\"_blank\" rel=\"noopener noreferrer\">Conseil ethnoculturel du Canada<\/a><\/span><\/li>\n<li><span style=\"font-family: verdana, geneva, sans-serif; font-size: 10pt;\"><a href=\"https:\/\/www.nccm.ca\" target=\"_blank\" rel=\"noopener noreferrer\">Conseil National des Musulmans Canadiens (NCCM)<\/a><\/span><\/li>\n<li><span style=\"font-family: verdana, geneva, sans-serif; font-size: 10pt;\"><a href=\"https:\/\/cooperation.ca\/fr\/\" target=\"_blank\" rel=\"noopener noreferrer\">Coop\u00e9ration Canada<\/a><\/span><\/li>\n<li><span style=\"font-family: verdana, geneva, sans-serif; font-size: 10pt;\"><a title=\"CUSO\" href=\"http:\/\/www.cusointernational.org\/fr\" target=\"_blank\" rel=\"noopener noreferrer\">CUSO<\/a><\/span><\/li>\n<li><span style=\"font-family: verdana, geneva, sans-serif; font-size: 10pt;\"><a title=\"Development and Peace\" href=\"http:\/\/www.devp.org\/\" target=\"_blank\" rel=\"noopener noreferrer\">D\u00e9veloppement et Paix<\/a><\/span><\/li>\n<li><span style=\"font-family: verdana, geneva, sans-serif; font-size: 10pt;\"><a title=\"Canadian Federation of Students\" href=\"http:\/\/www.cfs-fcee.ca\/\" target=\"_blank\" rel=\"noopener noreferrer\">F\u00e9d\u00e9ration canadienne des \u00e9tudiantes et \u00e9tudiants<\/a><\/span><\/li>\n<li><span style=\"font-family: verdana, geneva, sans-serif; font-size: 10pt;\"><a title=\"Canadian Arab Federation\" href=\"https:\/\/www.canadianarabsfederation.com\/\" target=\"_blank\" rel=\"noopener noreferrer\">F\u00e9d\u00e9ration Canado-Arabe<\/a><\/span><\/li>\n<li><span style=\"font-family: verdana, geneva, sans-serif; font-size: 10pt;\"><a href=\"http:\/\/www.fneeq.qc.ca\/fr\/\" target=\"_blank\" rel=\"noopener noreferrer\">F\u00e9d\u00e9ration nationale des enseignantes et des enseignants du Qu\u00e9bec<\/a><\/span><\/li>\n<li><span style=\"font-family: verdana, geneva, sans-serif; font-size: 10pt;\"><a title=\"David Suzuki Foundation\" href=\"http:\/\/www.davidsuzuki.org\/\" target=\"_blank\" rel=\"noopener noreferrer\">Fondation David Suzuki<\/a><\/span><\/li>\n<li><span style=\"font-family: verdana, geneva, sans-serif; font-size: 10pt;\"><a title=\"Canadian Muslim Forum\" href=\"http:\/\/fmc-cmf.com\/index.php?id=1&amp;L=1\" target=\"_blank\" rel=\"noopener noreferrer\">Forum musulman canadien<\/a><\/span><\/li>\n<li><span style=\"font-family: verdana, geneva, sans-serif; font-size: 10pt;\"><a title=\"Greenpeace\" href=\"http:\/\/www.greenpeace.org\/canada\/en\/splash\/\" target=\"_blank\" rel=\"noopener noreferrer\">Greenpeace<\/a><\/span><\/li>\n<li><span style=\"font-family: verdana, geneva, sans-serif; font-size: 10pt;\"><a title=\"ETC Group\" href=\"http:\/\/www.etcgroup.org\/\" target=\"_blank\" rel=\"noopener noreferrer\">Groupe ETC<\/a><br \/>\n<\/span><\/li>\n<li><span style=\"font-family: verdana, geneva, sans-serif; font-size: 10pt;\"><a href=\"https:\/\/humanconcern.org\/\" target=\"_blank\" rel=\"noopener noreferrer\">Human Concern International<\/a><\/span><\/li>\n<li><span style=\"font-family: verdana, geneva, sans-serif; font-size: 10pt;\"><a title=\"International Development and Relief Foundation\" href=\"http:\/\/www.idrf.com\" target=\"_blank\" rel=\"noopener noreferrer\">International Development and Relief Foundation<\/a><\/span><\/li>\n<li><span style=\"font-family: verdana, geneva, sans-serif; font-size: 10pt;\"><a title=\"Inter Pares\" href=\"http:\/\/www.interpares.ca\/\" target=\"_blank\" rel=\"noopener noreferrer\">Inter Pares<\/a><\/span><\/li>\n<li><span style=\"font-family: verdana, geneva, sans-serif; font-size: 10pt;\"><a href=\"https:\/\/www.islamicreliefcanada.org\/fr\/\" target=\"_blank\" rel=\"noopener noreferrer\">Islamic Relief Canada<\/a><br \/>\n<\/span><\/li>\n<li><span style=\"font-family: verdana, geneva, sans-serif; font-size: 10pt;\"><a title=\"Lawyers' Rights Watch Canada\" href=\"http:\/\/www.lrwc.org\/\" target=\"_blank\" rel=\"noopener noreferrer\">Lawyers Rights Watch Canada<\/a><\/span><\/li>\n<li><span style=\"font-family: verdana, geneva, sans-serif; font-size: 10pt;\"><a title=\"Ligue des droits et libert\u00e9s \" href=\"http:\/\/www.liguedesdroits.ca\/\" target=\"_blank\" rel=\"noopener noreferrer\">Ligue des droits et libert\u00e9s<\/a><\/span><\/li>\n<li><span style=\"font-family: verdana, geneva, sans-serif; font-size: 10pt;\"><a title=\"Mining Watch Canada\" href=\"http:\/\/www.miningwatch.ca\/fr\" target=\"_blank\" rel=\"noopener noreferrer\">Mines Alerte Canada<\/a><br \/>\n<\/span><\/li>\n<li><span style=\"font-family: verdana, geneva, sans-serif; font-size: 10pt;\"><a title=\"National Union of Public and General Employees\" href=\"http:\/\/www.nupge.ca\/\" target=\"_blank\" rel=\"noopener noreferrer\">National Union of Public and General Employees<\/a><\/span><\/li>\n<li><span style=\"font-family: verdana, geneva, sans-serif; font-size: 10pt;\"><a title=\"Ontario Council of Agencies Serving Immigrants\" href=\"http:\/\/www.ocasi.org\/\" target=\"_blank\" rel=\"noopener noreferrer\">Ontario Council of Agencies Serving Immigrants<\/a><\/span><\/li>\n<li><span style=\"font-family: verdana, geneva, sans-serif; font-size: 10pt;\"><a title=\"PEN Canada\" href=\"http:\/\/www.pencanada.ca\/\" target=\"_blank\" rel=\"noopener noreferrer\">PEN Canada<\/a><\/span><\/li>\n<li><span style=\"font-family: verdana, geneva, sans-serif; font-size: 10pt;\"><a title=\"The Primate's World Relief and Development Fund\" href=\"http:\/\/www.pwrdf.org\/\" target=\"_blank\" rel=\"noopener noreferrer\">Primate&#8217;s World Relief and Development Fund<\/a><\/span><\/li>\n<li><span style=\"font-family: verdana, geneva, sans-serif; font-size: 10pt;\"><a href=\"https:\/\/scfp.ca\" target=\"_blank\" rel=\"noopener noreferrer\">Syndicat canadien de la fonction publique<\/a><\/span><\/li>\n<li><span style=\"font-family: verdana, geneva, sans-serif; font-size: 10pt;\"><a href=\"http:\/\/copesepb.ca\" target=\"_blank\" rel=\"noopener noreferrer\">Syndicat canadien des employ\u00e9es et employ\u00e9s professionnels et de bureau<\/a><\/span><\/li>\n<li><span style=\"font-family: verdana, geneva, sans-serif; font-size: 10pt;\"><a title=\"Canadian Union of Postal Workers\" href=\"http:\/\/www.sttp.ca\/index.cfm\/ci_id\/1165\/la_id\/2.htm\" target=\"_blank\" rel=\"noopener noreferrer\">Syndicat des travailleurs et travailleuses des postes<\/a><\/span><\/li>\n<li><span style=\"font-family: verdana, geneva, sans-serif; font-size: 10pt;\"><a href=\"http:\/\/unifor.org\/fr\" target=\"_blank\" rel=\"noopener noreferrer\">Unifor<\/a><\/span><\/li>\n<li><span style=\"font-family: verdana, geneva, sans-serif; font-size: 10pt;\"><a title=\"United Steelworkers of America\" href=\"http:\/\/www.usw.org\/\" target=\"_blank\" rel=\"noopener noreferrer\">United Steelworkers of America<\/a><\/span><\/li>\n<li><span style=\"font-family: verdana, geneva, sans-serif; font-size: 10pt;\"><a title=\"Independent Jewish Voices\" href=\"http:\/\/www.independentjewishvoices.ca\/\" target=\"_blank\" rel=\"noopener noreferrer\">Voix juives ind\u00e9pendantes<\/a><\/span><\/li>\n<\/ul>\n<h3><\/h3>\n<h3>Organisation observatrice<\/h3>\n<p><span style=\"font-size: 10pt;\"><a href=\"http:\/\/www.cjfe.org\" target=\"_blank\" rel=\"noopener noreferrer\"><span style=\"font-family: verdana, geneva, sans-serif;\">Canadian Journalists for Free Expression<\/span><\/a><\/span><\/p>\n<p>&nbsp;<\/p>\n<div>\n<div>\n<h3>Ami.es de la CSILC<\/h3>\n<\/div>\n<div>\n<p><span style=\"font-family: verdana, geneva, sans-serif; font-size: 10pt;\">Gerry Barr; Conseiller principal aux affaires publiques de la Guilde canadienne des r\u00e9alisateurs, et ancien pr\u00e9sident et chef de la direction du Conseil canadien pour la coop\u00e9ration internationale.<\/span><\/p>\n<p><span style=\"font-family: verdana, geneva, sans-serif; font-size: 10pt;\">Hon. Edward Broadbent; ancien chef du Nouveau Parti d\u00e9mocratique du Canada et premier pr\u00e9sident du\u00a0Centre international pour le d\u00e9veloppement des droits humains et de la d\u00e9mocratie (Droits &amp; D\u00e9mocratie).<\/span><\/p>\n<p><span style=\"font-family: verdana, geneva, sans-serif; font-size: 10pt;\">Hon. David MacDonald; ancien Secr\u00e9taire d&#8217;\u00c9tat canadien et ancien ministre des Communications.<\/span><\/p>\n<p><span style=\"font-family: verdana, geneva, sans-serif; font-size: 10pt;\">Kevin Malseed; ancien repr\u00e9sentant d&#8217;Inter Pares pour la CSILC.<\/span><\/p>\n<p><span style=\"font-family: verdana, geneva, sans-serif; font-size: 10pt;\">Brian Murphy; \u00e9crivain ind\u00e9pendant, analyste des politiques et militant pour les droits humains.<\/span><\/p>\n<\/div>\n<p><span style=\"font-family: verdana, geneva, sans-serif; font-size: 10pt;\">Roch Tass\u00e9; analyste politique avec un int\u00e9r\u00eat sp\u00e9cial pour les droits humains, les libert\u00e9s civiles et la s\u00e9curit\u00e9 nationale, et ancien Coordonnateur national de la CSILC (2002-2015).<\/span><\/p>\n<div>\n<p><span style=\"font-family: verdana, geneva, sans-serif; font-size: 10pt;\">James L. Turk; Professeur \u00e9m\u00e9rite invit\u00e9, Universit\u00e9 Ryerson, et ancien directeur ex\u00e9cutif, Association canadienne des professeures et professeurs d&#8217;universit\u00e9.<\/span><\/p>\n<p><span style=\"font-family: verdana, geneva, sans-serif; font-size: 10pt;\">La Tr\u00e8s R\u00e9v. Lois Wilson; ancienne mod\u00e9ratrice de l&#8217;\u00c9glise unitarienne du Canada et s\u00e9natrice \u00e0 la retraite.<\/span><\/p>\n<p><span style=\"font-family: verdana, geneva, sans-serif; font-size: 10pt;\">Le d\u00e9funt Hon. Warren Allmand (19 septembre\u00a01932 \u2013 7 d\u00e9cembre\u00a02016); ancien Solliciteur g\u00e9n\u00e9ral du Canada et ancien pr\u00e9sident du Centre international pour le d\u00e9veloppement des droits humains et de la d\u00e9mocratie (Droits &amp; D\u00e9mocratie).<\/span><\/p>\n<p><span style=\"font-family: verdana, geneva, sans-serif; font-size: 10pt;\">La d\u00e9funte Hon. Flora MacDonald\u00a0(3 juin\u00a01926 &#8211;\u00a026 juillet\u00a02015); ancienne ministre des Affaires \u00e9trang\u00e8res et ancienne ministre des Communications.<\/span><\/p>\n<\/div>\n<div><\/div>\n<\/div>\n<div>\n<div>\n<h3>Partenaires et collaborateurs<\/h3>\n<\/div>\n<div>\n<p><span style=\"font-family: verdana, geneva; font-size: 10pt;\"><a title=\"American Civil Liberties Union (ACLU)\" href=\"http:\/\/www.aclu.org\/\" target=\"_blank\" rel=\"noopener noreferrer\">American Civil Liberties Union (ACLU)<\/a><br \/>\n<\/span><\/p>\n<p><span style=\"font-family: verdana, geneva; font-size: 10pt;\"><a title=\"British Columbia Civil Liberties Association (BCCLA)\" href=\"http:\/\/www.bccla.org\/\" target=\"_blank\" rel=\"noopener noreferrer\">British Columbia Civil Liberties Association (BCCLA)<\/a><br \/>\n<\/span><\/p>\n<p><span style=\"font-family: verdana, geneva; font-size: 10pt;\"><a title=\"Canadian Civil Liberties Association (CCLA)\" href=\"http:\/\/ccla.org\/?lang=fr\" target=\"_blank\" rel=\"noopener noreferrer\">Association canadienne des libert\u00e9s civiles (ACLC)<\/a><\/span><\/p>\n<p><span style=\"font-family: verdana, geneva; font-size: 10pt;\"><a title=\"Statewatch\" href=\"http:\/\/www.statewatch.org\/\" target=\"_blank\" rel=\"noopener noreferrer\">Statewatch<\/a>\u00a0(Europe)<br \/>\n<\/span><\/p>\n<p><span style=\"font-family: verdana, geneva; font-size: 10pt;\"><a title=\"Surveillance Studies Centre\" href=\"http:\/\/www.sscqueens.org\/\" target=\"_blank\" rel=\"noopener noreferrer\">Surveillance Studies Centre<\/a>\u00a0(Queen&#8217;s University)<\/span><\/p>\n<p><span style=\"font-size: 10pt;\"><a href=\"http:\/\/voices-voix.ca\" target=\"_blank\" rel=\"noopener noreferrer\">Voices-Voix<\/a><\/span><\/p>\n<\/div>\n<\/div>\n","protected":false},"excerpt":{"rendered":"<p>Organisations membres Alliance de la Fonction publique du Canada Amnistie internationale Association canadienne de professeures et professeurs d&#8217;universit\u00e9 Association canadienne des avocats musulmans Association qu\u00e9b\u00e9coise des organismes de coop\u00e9ration internationale B.C. Freedom of Information and Privacy Association Canadian Friends Service Committee Canadian Muslim Public Affairs Committee Canadian Unitarians for Social Justice Canadian Voice of Women [&hellip;]<\/p>\n","protected":false},"author":44,"featured_media":0,"parent":113,"menu_order":2,"comment_status":"closed","ping_status":"closed","template":"","meta":{"_acf_changed":false,"jetpack_post_was_ever_published":false,"footnotes":""},"class_list":["post-118","page","type-page","status-publish","hentry"],"acf":[],"jetpack_shortlink":"https:\/\/wp.me\/P4gT3y-1U","jetpack_sharing_enabled":true,"_links":{"self":[{"href":"https:\/\/iclmg.ca\/fr\/wp-json\/wp\/v2\/pages\/118","targetHints":{"allow":["GET"]}}],"collection":[{"href":"https:\/\/iclmg.ca\/fr\/wp-json\/wp\/v2\/pages"}],"about":[{"href":"https:\/\/iclmg.ca\/fr\/wp-json\/wp\/v2\/types\/page"}],"author":[{"embeddable":true,"href":"https:\/\/iclmg.ca\/fr\/wp-json\/wp\/v2\/users\/44"}],"replies":[{"embeddable":true,"href":"https:\/\/iclmg.ca\/fr\/wp-json\/wp\/v2\/comments?post=118"}],"version-history":[{"count":0,"href":"https:\/\/iclmg.ca\/fr\/wp-json\/wp\/v2\/pages\/118\/revisions"}],"up":[{"embeddable":true,"href":"https:\/\/iclmg.ca\/fr\/wp-json\/wp\/v2\/pages\/113"}],"wp:attachment":[{"href":"https:\/\/iclmg.ca\/fr\/wp-json\/wp\/v2\/media?parent=118"}],"curies":[{"name":"wp","href":"https:\/\/api.w.org\/{rel}","templated":true}]}}