{"id":113,"date":"2014-03-04T12:27:23","date_gmt":"2014-03-04T17:27:23","guid":{"rendered":"https:\/\/iclmg.srv2.cfshosting.ca\/?page_id=113"},"modified":"2023-08-15T14:22:01","modified_gmt":"2023-08-15T18:22:01","slug":"a-propos","status":"publish","type":"page","link":"https:\/\/iclmg.ca\/fr\/a-propos\/","title":{"rendered":"\u00c0 propos"},"content":{"rendered":"<p><span style=\"color: #000000;\">La Coalition pour la surveillance internationale des libert\u00e9s civiles (CSILC) est une coalition nationale d\u2019organisations de la soci\u00e9t\u00e9 civile canadienne qui a \u00e9t\u00e9 cr\u00e9\u00e9e suite \u00e0 l&#8217;adoption de la Loi antiterroriste de 2001 afin de prot\u00e9ger et promouvoir les libert\u00e9s civiles et les droits de la personne dans le contexte de la soi-disant \u00ab guerre au terrorisme \u00bb. La coalition regroupe 45 ONG, syndicats, associations professionnelles, groupes confessionnels, organisations environnementales, de protection des droits humains et des libert\u00e9s civiles, ainsi que des groupes repr\u00e9sentant des communaut\u00e9s immigrantes et r\u00e9fugi\u00e9es au Canada.<\/span><\/p>\n<p><span style=\"color: #000000;\">Notre\u00a0mandat\u00a0est de d\u00e9fendre les libert\u00e9s civiles et les droits de la personne \u00e9nonc\u00e9s dans la Charte canadienne des droits et libert\u00e9s, les lois f\u00e9d\u00e9rales et provinciales &#8211;\u00a0incluant\u00a0la D\u00e9claration canadienne des droits de la personne, la Loi canadienne sur les droits de la personne, les chartes provinciales des droits de la personne ou l\u00e9gislation sur la vie priv\u00e9e &#8211; et les instruments internationaux relatifs aux droits humains &#8211; incluant la D\u00e9claration universelle des droits de l&#8217;homme, le Pacte international relatif aux droits civils et politiques, la Convention contre la torture et autres peines ou traitements cruels, inhumains ou d\u00e9gradants.<\/span><\/p>\n<h3><span style=\"color: #000000;\">Pr\u00e9occupations<\/span><\/h3>\n<p><span style=\"color: #000000;\">Actifs dans la promotion et la d\u00e9fense des droits au sein de leurs secteurs respectifs de la soci\u00e9t\u00e9 canadienne, les membres de la CSILC se sont r\u00e9unis au sein de cette coalition afin de partager leurs pr\u00e9occupations entourant la l\u00e9gislation antiterroriste nationale et internationale, et d&#8217;autres mesures de s\u00e9curit\u00e9 nationale, ainsi que leur impact sur les libert\u00e9s civiles, les droits humains, la protection des r\u00e9fugi\u00e9s, le racisme, la dissidence politique, la gouvernance des organismes de bienfaisance, la coop\u00e9ration internationale et l&#8217;aide humanitaire.<\/span><\/p>\n<p><span style=\"color: #000000;\">Les organisations membres de la CSILC sont profond\u00e9ment pr\u00e9occup\u00e9es par l&#8217;impact de la violence contemporaine, y compris toutes les formes de violence politique, et l&#8217;utilisation de la terreur, que ce soit par des \u00c9tats ou des \u00e9l\u00e9ments non \u00e9tatiques. Une telle violence et les tactiques de terreur sont une menace \u00e0 la progression des soci\u00e9t\u00e9s et gouvernements d\u00e9mocratiques et ouverts dans le monde entier. Par cons\u00e9quent, nous soutenons tous les efforts l\u00e9gitimes pour combattre le terrorisme qui est en soi une atteinte grave aux droits humains, mais faisons valoir que ces efforts doivent toujours respecter les normes des droits de la personne.<\/span><\/p>\n<p><span style=\"color: #000000;\">Bien que nous reconnaissons l&#8217;obligation des \u00c9tats de prot\u00e9ger contre la violence les citoyens et d&#8217;autres sur leurs territoires, nous regrettons la fa\u00e7on dont la plupart des \u00c9tats interpr\u00e8tent cette obligation en limitant les libert\u00e9s d\u00e9mocratiques. Nous ne d\u00e9fendons pas bien la d\u00e9mocratie, la primaut\u00e9 du droit et une culture des droits de la personne en abdiquant ces m\u00eames principes. S\u00e9curit\u00e9 et libert\u00e9 ne sont pas antinomiques. Le respect des droits fondamentaux est une condition essentielle, un \u00e9l\u00e9ment cl\u00e9 de la s\u00e9curit\u00e9.<\/span><\/p>\n<p><span style=\"color: #000000;\">En particulier, la CSILC a soulev\u00e9 des pr\u00e9occupations concernant :<\/span><\/p>\n<ul>\n<li><span style=\"color: #000000;\">La l\u00e9gislation antiterroriste et d&#8217;autres mesures antiterroristes au Canada;<\/span><\/li>\n<li><span style=\"color: #000000;\">L&#8217;harmonisation des politiques de s\u00e9curit\u00e9 du Canada et des pratiques avec celles des \u00c9tats-Unis, en particulier en ce qui concerne les contr\u00f4les aux fronti\u00e8res et la cr\u00e9ation de listes de surveillance des &#8220;terroristes&#8221; et de listes d&#8217;interdiction de vol;<\/span><\/li>\n<li><span style=\"color: #000000;\">La dynamique et les probl\u00e9matiques de partage de l&#8217;information entre les \u00c9tats;<\/span><\/li>\n<li><span style=\"color: #000000;\">La n\u00e9cessit\u00e9 de m\u00e9canismes de contr\u00f4le rigoureux, ind\u00e9pendants et int\u00e9gr\u00e9s sur les op\u00e9rations de s\u00e9curit\u00e9 nationale de la GRC et d&#8217;autres agences de renseignement, y compris entre autres le SCRS, le CST, l&#8217;ASFC et Transports Canada;<\/span><\/li>\n<li><span style=\"color: #000000;\">L&#8217;absence de processus \u00e9quitable, de transparence et de responsabilit\u00e9 dans l&#8217;utilisation des certificats de s\u00e9curit\u00e9 et des proc\u00e8s secrets pour expulser des immigrants re\u00e7us et des r\u00e9fugi\u00e9s soup\u00e7onn\u00e9s de liens avec le terrorisme;<\/span><\/li>\n<li><span style=\"color: #000000;\">Le d\u00e9ploiement rapide d&#8217;une infrastructure mondiale de surveillance de masse et l&#8217;\u00e9rosion de la vie priv\u00e9e et des libert\u00e9s civiles;<\/span><\/li>\n<li><span style=\"color: #000000;\">Le traitement de Maher Arar, Abdullah Almaki, Ahmad Abou-Elmaati, Muayed Nureddin et d&#8217;autres, d\u00e9tenus et tortur\u00e9s \u00e0 l&#8217;\u00e9tranger;<\/span><\/li>\n<li><span style=\"color: #000000;\">Le centre de d\u00e9tention de Guantanamo, le traitement d&#8217;Omar Khadr et la d\u00e9saffection croissante de la primaut\u00e9 du droit et des conventions internationales dans le contexte de la \u00abguerre contre le terrorisme\u00bb men\u00e9 par les \u00c9tats-Unis.<\/span><\/li>\n<\/ul>\n<h3><span style=\"color: #000000;\">Champs d&#8217;intervention<\/span><\/h3>\n<p><span style=\"color: #000000;\">Les champs d&#8217;intervention\u00a0de la coalition sont :<\/span><\/p>\n<ul>\n<li><span style=\"color: #000000;\">Le suivi de l&#8217;\u00e9volution et de l&#8217;application de l&#8217;agenda du Canada sur les mesures de s\u00e9curit\u00e9 et antiterroriste et son impact sur les communaut\u00e9s et les organisations de la soci\u00e9t\u00e9 civile (OSC);<\/span><\/li>\n<li><span style=\"color: #000000;\">La diffusion de l&#8217;information aux membres de la CSILC ainsi que les organisations et les communaut\u00e9s int\u00e9ress\u00e9es et affect\u00e9es;<\/span><\/li>\n<li><span style=\"color: #000000;\">L&#8217;\u00e9laboration de r\u00e9ponses communes et concert\u00e9es pour assurer un processus l\u00e9gal \u00e9quitable et transparent o\u00f9 des organisations sp\u00e9cifiques et\/ou des communaut\u00e9s vuln\u00e9rables sont touch\u00e9es;<\/span><\/li>\n<li><span style=\"color: #000000;\">La sensibilisation du public aux cons\u00e9quences des lois et d&#8217;autres mesures antiterroristes;<\/span><\/li>\n<li><span style=\"color: #000000;\">Le travail de lobbying et la r\u00e9alisation de travaux de plaidoyer aupr\u00e8s des d\u00e9cideurs politiques, des d\u00e9put\u00e9s, des comit\u00e9s parlementaires, etc.; et<\/span><\/li>\n<li><span style=\"color: #000000;\">La collaboration avec des partenaires et des coalitions internationales, ainsi que le travail d&#8217;intervention aupr\u00e8s d&#8217;entit\u00e9s internationales telles que l&#8217;Organisation des Nations Unies.<\/span><\/li>\n<\/ul>\n<p><span style=\"color: #000000;\">Depuis sa cr\u00e9ation, la CSILC a servi de table ronde pour l&#8217;\u00e9change strat\u00e9gique &#8211; y compris des \u00e9changes internationaux et Nord\/Sud &#8211; entre les organisations et les communaut\u00e9s touch\u00e9es par l&#8217;application, au niveau international, de nouvelles lois entourant la s\u00e9curit\u00e9 nationale (\u00abantiterroristes\u00bb). La CSILC a fourni un forum de r\u00e9flexion, d&#8217;analyse commune et d&#8217;action coop\u00e9rative en r\u00e9ponse aux mesures antiterroristes du Canada et leurs effets, et sur le risque pour les personnes et les groupes d\u00e9coulant de cet \u00c9tat de s\u00e9curit\u00e9 nationale en plein essor et de son obsession du contr\u00f4le et de la circulation des personnes.<\/span><\/p>\n<p><span style=\"color: #000000;\">Un aspect important du r\u00f4le de la CSILC est la diffusion d&#8217;informations relatives aux droits de la personne dans le contexte de la lutte contre le terrorisme et l&#8217;expansion de l&#8217;appareil de s\u00e9curit\u00e9 nationale en grande partie non-transparent. Cette information est distribu\u00e9e aux membres de la coalition qui \u00e0 son tour la diffuse \u00e0 leurs propres r\u00e9seaux.<\/span><\/p>\n<p><span style=\"color: #000000;\">Finalement, et en accord avec son mandat, la CSILC est intervenue dans des cas particuliers o\u00f9 il y a eu des all\u00e9gations de graves violations des libert\u00e9s civiles et des droits de la personne. La CSILC est \u00e9galement intervenue pour contester les projets de lois, les r\u00e8glements et les pratiques qui sont contraires \u00e0 la Constitution du Canada et \u00e0 d&#8217;autres lois canadiennes et internationales relatives aux droits humains.<\/span><\/p>\n<div><span style=\"color: #000000;\">\u00a0<\/span><\/div>\n<table style=\"border-color: #fcfcfc; background-color: #d6d4d4; height: 324px;\" width=\"625\">\n<tbody>\n<tr>\n<td style=\"width: 613px;\">\n<div>\n<h2 class=\"contributions__title contributions__title--epic\"><span style=\"color: #000000;\">Puisque vous \u00eates ici\u2026<\/span><\/h2>\n<p><span style=\"color: #000000;\">\u2026 nous avons une faveur \u00e0 vous demander. \u00c0 la CSILC, nous travaillons sans rel\u00e2che afin de prot\u00e9ger et promouvoir les droits humains et les libert\u00e9s civiles dans le contexte de la soi-disant &#8220;guerre au terrorisme&#8221; au Canada. Nous ne recevons aucune aide financi\u00e8re des gouvernements municipaux, provinciaux et f\u00e9d\u00e9ral, ni d\u2019aucun parti politique. Tout don nous aidera \u00e0 poursuivre notre travail.<\/span><\/p>\n<\/div>\n<div><span style=\"color: #000000;\">Vous h\u00e9sitez \u00e0 donner? Consulter la page sur nos nombreuses\u00a0<a href=\"http:\/\/iclmg.ca\/fr\/a-propos\/realisations-et-acquis\/\">R\u00e9alisations et Acquis<\/a>\u00a0depuis\u00a02002. Merci de votre g\u00e9n\u00e9rosit\u00e9!\u00a0<a href=\"http:\/\/iclmg.ca\/donate\/\"><strong><br \/>\n<img loading=\"lazy\" decoding=\"async\" class=\"wp-image-4201 aligncenter\" src=\"http:\/\/iclmg.ca\/wp-content\/uploads\/2017\/02\/bouton-faire-un-don-e1487111641869.jpg\" width=\"188\" height=\"38\" \/><\/strong><\/a><\/span><\/div>\n<\/td>\n<\/tr>\n<\/tbody>\n<\/table>\n","protected":false},"excerpt":{"rendered":"<p>La Coalition pour la surveillance internationale des libert\u00e9s civiles (CSILC) est une coalition nationale d\u2019organisations de la soci\u00e9t\u00e9 civile canadienne qui a \u00e9t\u00e9 cr\u00e9\u00e9e suite \u00e0 l&#8217;adoption de la Loi antiterroriste de 2001 afin de prot\u00e9ger et promouvoir les libert\u00e9s civiles et les droits de la personne dans le contexte de la soi-disant \u00ab guerre [&hellip;]<\/p>\n","protected":false},"author":44,"featured_media":0,"parent":0,"menu_order":1,"comment_status":"closed","ping_status":"closed","template":"","meta":{"_acf_changed":false,"jetpack_post_was_ever_published":false,"footnotes":""},"class_list":["post-113","page","type-page","status-publish","hentry"],"acf":[],"jetpack_shortlink":"https:\/\/wp.me\/P4gT3y-1P","jetpack_sharing_enabled":true,"_links":{"self":[{"href":"https:\/\/iclmg.ca\/fr\/wp-json\/wp\/v2\/pages\/113","targetHints":{"allow":["GET"]}}],"collection":[{"href":"https:\/\/iclmg.ca\/fr\/wp-json\/wp\/v2\/pages"}],"about":[{"href":"https:\/\/iclmg.ca\/fr\/wp-json\/wp\/v2\/types\/page"}],"author":[{"embeddable":true,"href":"https:\/\/iclmg.ca\/fr\/wp-json\/wp\/v2\/users\/44"}],"replies":[{"embeddable":true,"href":"https:\/\/iclmg.ca\/fr\/wp-json\/wp\/v2\/comments?post=113"}],"version-history":[{"count":0,"href":"https:\/\/iclmg.ca\/fr\/wp-json\/wp\/v2\/pages\/113\/revisions"}],"wp:attachment":[{"href":"https:\/\/iclmg.ca\/fr\/wp-json\/wp\/v2\/media?parent=113"}],"curies":[{"name":"wp","href":"https:\/\/api.w.org\/{rel}","templated":true}]}}