{"id":10247,"date":"2024-09-11T16:54:24","date_gmt":"2024-09-11T20:54:24","guid":{"rendered":"https:\/\/iclmg.ca\/fr\/?page_id=10247"},"modified":"2024-10-24T20:40:04","modified_gmt":"2024-10-25T00:40:04","slug":"20ans","status":"publish","type":"page","link":"https:\/\/iclmg.ca\/fr\/20ans\/","title":{"rendered":"D\u00e9fendre les libert\u00e9s civiles \u00e0 l\u2019\u00e8re de la s\u00e9curit\u00e9 nationale et de la guerre au terrorisme"},"content":{"rendered":"<p><img loading=\"lazy\" decoding=\"async\" class=\"alignnone size-full wp-image-10465\" src=\"https:\/\/iclmg.ca\/wp-content\/uploads\/2024\/09\/20th-anniv-cover-final-FR.png\" alt=\"\" width=\"1545\" height=\"2000\" srcset=\"https:\/\/iclmg.ca\/wp-content\/uploads\/2024\/09\/20th-anniv-cover-final-FR.png 1545w, https:\/\/iclmg.ca\/wp-content\/uploads\/2024\/09\/20th-anniv-cover-final-FR-768x994.png 768w, https:\/\/iclmg.ca\/wp-content\/uploads\/2024\/09\/20th-anniv-cover-final-FR-1187x1536.png 1187w, https:\/\/iclmg.ca\/wp-content\/uploads\/2024\/09\/20th-anniv-cover-final-FR-624x808.png 624w\" sizes=\"auto, (max-width: 1545px) 100vw, 1545px\" \/><\/p>\n<p><strong><em>D\u00e9fendre les libert\u00e9s civiles \u00e0 l\u2019\u00e8re de la s\u00e9curit\u00e9 nationale et de la guerre au terrorisme<\/em><\/strong> est une nouvelle publication qui souligne le 20e anniversaire de la Coalition pour la surveillance internationale des libert\u00e9s civiles (CSILC). Elle contient 27 nouveaux articles r\u00e9dig\u00e9s par des expert<span class=\"s1\">\u22c5e<\/span>s, des militant<span class=\"s1\">\u22c5e<\/span>s et des membres de la CSILC qui reviennent sur les vingt derni\u00e8res ann\u00e9es et sur les d\u00e9fis \u00e0 venir.<\/p>\n<p><strong><a href=\"https:\/\/iclmg.ca\/wp-content\/uploads\/2024\/09\/CSILC-20-ans-de-de\u0301fense-des-liberte\u0301s-civiles.pdf\" target=\"_blank\" rel=\"noopener noreferrer\">Lisez le PDF complet ici!<\/a><\/strong><\/p>\n<p>Nous tenons \u00e0 remercier les contributeurices, les membres, les donateurices, les commanditaires, les partenaires et toutes les personnes avec lesquelles nous avons travaill\u00e9 au fil des ans. Nous appr\u00e9cions profond\u00e9ment chacun<span class=\"s1\">\u22c5e<\/span> d\u2019entre vous \u2013 votre passion, votre expertise, votre travail acharn\u00e9 et votre soutien. Nous ne pourrions litt\u00e9ralement pas faire ce travail sans vous!<\/p>\n<p>Si vous trouvez les enjeux abord\u00e9s ici importants, SVP faites un don pour nous aider \u00e0 poursuivre ce travail :<\/p>\n<p style=\"text-align: center;\"><a class=\"maxbutton-5 maxbutton maxbutton-donate\" href=\"https:\/\/iclmg.ca\/fr\/donner\/\"><span class='mb-text'>JE DONNE!<\/span><\/a><\/p>\n<h2>Voulez-vous une copie papier et encourager la CSILC?<\/h2>\n<p>Nous vendons \u00e9galement des exemplaires de la publication pour aider \u00e0 couvrir les frais restants. Vous pouvez vous procurer un exemplaire en envoyant votre nom, votre adresse postale et un virement \u00e9lectronique de tout montant entre 12$ et 20$ (ou plus!) \u00e0 national.coordination@iclmg.ca. Merci!<\/p>\n<h2><strong>CONTENU<\/strong><\/h2>\n<p><strong><a href=\"https:\/\/iclmg.ca\/fr\/20-ans-intro\/\" target=\"_blank\" rel=\"noopener noreferrer\">La Coalition pour la surveillance internationale des libert\u00e9s civiles<\/a>\u00a0<\/strong>&#8211; Xan Dagenais &amp; Tim McSorley<\/p>\n<p><a href=\"https:\/\/iclmg.ca\/fr\/les-debuts-de-la-csilc-et-les-commissions-denquete\" target=\"_blank\" rel=\"noopener noreferrer\"><strong>Les d\u00e9buts de la CSILC et les commissions d\u2019enqu\u00eate<\/strong><\/a> &#8211; Roch Tass\u00e9<\/p>\n<p><strong><a href=\"https:\/\/iclmg.ca\/fr\/la-lutte-contre-la-legislation-antiterroriste\" target=\"_blank\" rel=\"noopener noreferrer\">La lutte contre la l\u00e9gislation antiterroriste<\/a>\u00a0<\/strong>&#8211; Dominique Peschard<\/p>\n<p style=\"padding-left: 40px;\"><strong><a href=\"https:\/\/iclmg.ca\/fr\/la-lutte-contre-la-legislation-antiterroriste\/#victoire\" target=\"_blank\" rel=\"noopener noreferrer\">Une victoire pour l\u2019aide humanitaire!<\/a><\/strong> &#8211; Tim McSorley &amp; Xan Dagenais<\/p>\n<p><a href=\"https:\/\/iclmg.ca\/fr\/la-seduction-dangereuse-de-letat-raciste-antiraciste\" target=\"_blank\" rel=\"noopener noreferrer\"><strong>La s\u00e9duction dangereuse de l\u2019\u00c9tat raciste \u00ab antiraciste \u00bb<\/strong><\/a>\u00a0&#8211; Azeezah Kanji<\/p>\n<p><a href=\"https:\/\/iclmg.ca\/fr\/scrs-lobligation-de-franchise-et-limmunite-relative-aux-activites-illegales\" target=\"_blank\" rel=\"noopener noreferrer\"><strong>SCRS : l\u2019obligation de franchise et l\u2019immunit\u00e9 relative aux activit\u00e9s ill\u00e9gales<\/strong><\/a>\u00a0&#8211; Tim McSorley<\/p>\n<p><strong><a href=\"https:\/\/iclmg.ca\/fr\/les-verifications-prejudiciables-de-lagence-du-revenu-du-canada\" target=\"_blank\" rel=\"noopener noreferrer\">Les v\u00e9rifications pr\u00e9judiciables de l\u2019Agence du revenu du Canada<\/a>\u00a0<\/strong>&#8211; Tim McSorley<\/p>\n<p><strong><a href=\"https:\/\/iclmg.ca\/fr\/les-pratiques-du-canada-en-matiere-de-securite-nationale-et-leur-contribution-au-genocide-des-premieres-nations\" target=\"_blank\" rel=\"noopener noreferrer\">Les pratiques du Canada en mati\u00e8re de s\u00e9curit\u00e9 nationale et leur contribution au g\u00e9nocide des Premi\u00e8res Nations<\/a>\u00a0<\/strong>&#8211; Pamela Palmater<\/p>\n<p><strong><a href=\"https:\/\/iclmg.ca\/fr\/le-canada-et-la-criminalisation-dans-la-guerre-pour-la-terre-et-la-nature\" target=\"_blank\" rel=\"noopener noreferrer\">Le Canada et la criminalisation dans la guerre pour la terre et la nature<\/a>\u00a0<\/strong>&#8211; Jen Moore<\/p>\n<p><strong><a href=\"https:\/\/iclmg.ca\/fr\/islamophobie-et-guerre-contre-le-terrorisme\" target=\"_blank\" rel=\"noopener noreferrer\">Islamophobie et \u00ab guerre contre le terrorisme \u00bb<\/a>\u00a0<\/strong>&#8211; Monia Mazigh<\/p>\n<p><strong><a href=\"https:\/\/iclmg.ca\/fr\/quont-signifie-pour-nous-20-ans-dinjustice\" target=\"_blank\" rel=\"noopener noreferrer\">Qu\u2019ont signifi\u00e9 pour nous 20 ans d\u2019injustice?<\/a>\u00a0<\/strong>&#8211; Sophie Lamarche Harkat<\/p>\n<p><strong><a href=\"https:\/\/iclmg.ca\/fr\/la-perte-des-droits-de-la-personne-dans-la-guerre-contre-le-terrorisme-le-cas-de-hassan-diab\" target=\"_blank\" rel=\"noopener noreferrer\">La perte des droits de la personne dans la \u00ab guerre contre le terrorisme \u00bb : le cas de Hassan Diab<\/a>\u00a0<\/strong>&#8211; Roger Clark<\/p>\n<p><a href=\"https:\/\/iclmg.ca\/fr\/un-exces-de-democratie-et-des-raisons-desperer\" target=\"_blank\" rel=\"noopener noreferrer\"><strong>Un exc\u00e8s de d\u00e9mocratie et des raisons d&#8217;esp\u00e9rer<\/strong><\/a>\u00a0&#8211; Matthew Behrens<\/p>\n<p><a href=\"https:\/\/iclmg.ca\/fr\/la-lutte-pour-le-retour-des-canadien-nes-detenu-es-dans-le-nord-est-de-la-syrie\" target=\"_blank\" rel=\"noopener noreferrer\"><strong>La lutte pour le retour des Canadien.nes d\u00e9tenu.es dans le nord-est de la Syrie<\/strong><\/a> &#8211; Justin Mohammed<\/p>\n<p style=\"padding-left: 40px;\"><a href=\"https:\/\/iclmg.ca\/fr\/la-lutte-pour-le-retour-des-canadien-nes-detenu-es-dans-le-nord-est-de-la-syrie\/#canada-ramenez-les-a-la-maison\" target=\"_blank\" rel=\"noopener noreferrer\"><strong>Canada: Ramenez-les \u00e0 la maison!<\/strong><\/a>\u00a0&#8211; Xan Dagenais<\/p>\n<p><a href=\"https:\/\/iclmg.ca\/fr\/des-enfants-sur-la-liste-canadienne-des-personnes-interdites-de-vol\" target=\"_blank\" rel=\"noopener noreferrer\"><strong>Des enfants sur la liste canadienne des personnes interdites de vol<\/strong><\/a> &#8211; Khadija Cajee<\/p>\n<p style=\"padding-left: 40px;\"><a href=\"https:\/\/iclmg.ca\/fr\/des-enfants-sur-la-liste-canadienne-des-personnes-interdites-de-vol\/#abolir-la-liste\" target=\"_blank\" rel=\"noopener noreferrer\"><strong>Lutter pour l&#8217;abolition de la liste des personnes interdites de vol<\/strong><\/a> &#8211; Tim McSorley<\/p>\n<p><a href=\"https:\/\/iclmg.ca\/fr\/defendre-les-droits-des-demandeur-ses-dasile\" target=\"_blank\" rel=\"noopener noreferrer\"><strong>D\u00e9fendre les droits des demandeur.ses d\u2019asile<\/strong><\/a> &#8211; Janet Dench<\/p>\n<p><a href=\"https:\/\/iclmg.ca\/fr\/une-victoire-pour-legalite-en-matiere-de-citoyennete\" target=\"_blank\" rel=\"noopener noreferrer\"><strong>Une victoire pour l\u2019\u00e9galit\u00e9 en mati\u00e8re de citoyennet\u00e9!<\/strong><\/a> &#8211; Tim McSorley<\/p>\n<p><strong><a href=\"https:\/\/iclmg.ca\/fr\/controles-et-atteintes-aux-droits-et-libertes-a-la-frontiere\" target=\"_blank\" rel=\"noopener noreferrer\">Contr\u00f4les et atteintes aux droits et libert\u00e9s \u00e0 la fronti\u00e8re<\/a>\u00a0<\/strong>&#8211; Patricia Poirier<\/p>\n<p><strong><a href=\"https:\/\/iclmg.ca\/fr\/http:\/\/sans-examen-efficace-les-droits-de-la-personne-restent-fragiles\" target=\"_blank\" rel=\"noopener noreferrer\">Sans examen efficace, les droits de la personne restent fragiles<\/a>\u00a0<\/strong>&#8211; Alex Neve<\/p>\n<p><a href=\"https:\/\/iclmg.ca\/fr\/la-technologie-de-reconnaissance-faciale-droits-risques-et-reglementation-necessaire\" target=\"_blank\" rel=\"noopener noreferrer\"><strong>La technologie de reconnaissance faciale : droits, risques et r\u00e9glementation n\u00e9cessaire<\/strong><\/a> &#8211; Brenda McPhail<\/p>\n<p><a href=\"https:\/\/iclmg.ca\/fr\/la-csilc-et-le-centre-des-etudes-sur-la-surveillance-de-luniversite-queens\" target=\"_blank\" rel=\"noopener noreferrer\"><strong>La CSILC et le Centre des \u00e9tudes sur la surveillance de l\u2019Universit\u00e9 Queen\u2019s<\/strong><\/a> &#8211; David Lyon<\/p>\n<p><a href=\"https:\/\/iclmg.ca\/fr\/covid-surveillance-et-defense-du-droit-a-la-vie-privee\" target=\"_blank\" rel=\"noopener noreferrer\"><strong>COVID, surveillance et d\u00e9fense du droit \u00e0 la vie priv\u00e9e<\/strong><\/a>\u00a0&#8211; Xan Dagenais<\/p>\n<p><a href=\"https:\/\/iclmg.ca\/fr\/la-mobilisation-internationale-contre-la-surveillance\" target=\"_blank\" rel=\"noopener noreferrer\"><strong>La mobilisation internationale contre la surveillance<\/strong><\/a> &#8211; Maureen Webb<\/p>\n<p><a href=\"https:\/\/iclmg.ca\/fr\/la-proposition-du-gouvernement-visant-a-lutter-contre-les-prejudices-en-ligne-presente-ses-propres-dangers\" target=\"_blank\" rel=\"noopener noreferrer\"><strong>La proposition du gouvernement visant \u00e0 lutter contre les \u00ab pr\u00e9judices en ligne \u00bb pr\u00e9sente ses propres dangers<\/strong><\/a> &#8211; Tim McSorley<\/p>\n<p><a href=\"https:\/\/iclmg.ca\/fr\/en-conclusion\/\" target=\"_blank\" rel=\"noopener noreferrer\"><strong>En conclusion<\/strong><\/a>\u00a0&#8211; Xan Dagenais &amp; Tim McSorley<\/p>\n<hr \/>\n<h2><strong>CR\u00c9DITS<\/strong><\/h2>\n<p><strong>Comit\u00e9 \u00e9ditorial<br \/>\n<\/strong>Xan Dagenais<br \/>\nTim McSorley<\/p>\n<p><strong>Soutien \u00e0 la r\u00e9daction<br \/>\n<\/strong>Martine Eloy<br \/>\nDominique Peschard<\/p>\n<p><strong>Traduction<br \/>\n<\/strong>Maya Berbery<br \/>\nClaire Lalande<br \/>\nClaire Lapointe<\/p>\n<p><strong>R\u00e9vision de la traduction<br \/>\n<\/strong>Nathalie Th\u00e9riault<br \/>\nXan Dagenais<\/p>\n<p><strong>Mise en page et conception<br \/>\n<\/strong>Chadi Marouf<\/p>\n<p><strong>Impression<br \/>\n<\/strong>Katasoho.com<\/p>\n<p><strong>Couverture<br \/>\n<\/strong>Conception : Xan Dagenais<br \/>\nRang du haut : OpenMedia, La Ligue des droits et libert\u00e9s, Justice pour Mohamed Harkat, Omar Hafez.<br \/>\nRang du bas : Xan Dagenais, Matthew Behrens, rabble.ca, Justice pour Hassan Diab.<\/p>\n<p>D\u00e9fendre les libert\u00e9s civiles \u00e0 l&#8217;\u00e8re de la s\u00e9curit\u00e9 nationale et de la guerre au terrorisme \u00a9 2024 par la Coalition pour la surveillance internationale des libert\u00e9s civiles est sous licence <a href=\"https:\/\/creativecommons.org\/licenses\/by-nc-nd\/4.0\/?ref=chooser-v1\" target=\"_blank\" rel=\"noopener noreferrer\">CC BY-NC-ND 4.0<\/a>.<\/p>\n","protected":false},"excerpt":{"rendered":"<p>D\u00e9fendre les libert\u00e9s civiles \u00e0 l\u2019\u00e8re de la s\u00e9curit\u00e9 nationale et de la guerre au terrorisme est une nouvelle publication qui souligne le 20e anniversaire de la Coalition pour la surveillance internationale des libert\u00e9s civiles (CSILC). Elle contient 27 nouveaux articles r\u00e9dig\u00e9s par des expert\u22c5es, des militant\u22c5es et des membres de la CSILC qui reviennent [&hellip;]<\/p>\n","protected":false},"author":44,"featured_media":0,"parent":0,"menu_order":0,"comment_status":"closed","ping_status":"closed","template":"","meta":{"_acf_changed":false,"jetpack_post_was_ever_published":false,"footnotes":""},"class_list":["post-10247","page","type-page","status-publish","hentry"],"acf":[],"jetpack_shortlink":"https:\/\/wp.me\/P4gT3y-2Fh","jetpack_sharing_enabled":true,"_links":{"self":[{"href":"https:\/\/iclmg.ca\/fr\/wp-json\/wp\/v2\/pages\/10247","targetHints":{"allow":["GET"]}}],"collection":[{"href":"https:\/\/iclmg.ca\/fr\/wp-json\/wp\/v2\/pages"}],"about":[{"href":"https:\/\/iclmg.ca\/fr\/wp-json\/wp\/v2\/types\/page"}],"author":[{"embeddable":true,"href":"https:\/\/iclmg.ca\/fr\/wp-json\/wp\/v2\/users\/44"}],"replies":[{"embeddable":true,"href":"https:\/\/iclmg.ca\/fr\/wp-json\/wp\/v2\/comments?post=10247"}],"version-history":[{"count":0,"href":"https:\/\/iclmg.ca\/fr\/wp-json\/wp\/v2\/pages\/10247\/revisions"}],"wp:attachment":[{"href":"https:\/\/iclmg.ca\/fr\/wp-json\/wp\/v2\/media?parent=10247"}],"curies":[{"name":"wp","href":"https:\/\/api.w.org\/{rel}","templated":true}]}}